{"id":787,"date":"2021-07-28T21:19:27","date_gmt":"2021-07-28T21:19:27","guid":{"rendered":"https:\/\/esi.ac.ma\/formation\/formation-doctorale\/informatique-et-sciences-des-donnees-et-de-linformation\/"},"modified":"2022-09-21T17:20:25","modified_gmt":"2022-09-21T16:20:25","slug":"informatique-et-sciences-des-donnees-et-de-linformation","status":"publish","type":"page","link":"https:\/\/esi.ac.ma\/ar\/formation-initiale\/formation-doctorale\/informatique-et-sciences-des-donnees-et-de-linformation\/","title":{"rendered":"\u0627\u0644\u0645\u0639\u0644\u0648\u0645\u064a\u0627\u062a \u0648 \u0639\u0644\u0645 \u0627\u0644\u0628\u064a\u0627\u0646\u0627\u062a"},"content":{"rendered":"<p>[vc_row][vc_column][vc_column_text css_animation=&#8221;fadeInUp&#8221; css=&#8221;.vc_custom_1641812997201{margin-bottom: 30px !important;}&#8221;]\u0639\u0644\u0645 \u0627\u0644\u0628\u064a\u0627\u0646\u0627\u062a \u0647\u0648 \u0645\u062c\u0627\u0644 \u062f\u0631\u0627\u0633\u064a \u0645\u062a\u0639\u062f\u062f \u0627\u0644\u062a\u062e\u0635\u0635\u0627\u062a \u064a\u0633\u062a\u062e\u062f\u0645 \u0627\u0644\u0639\u0645\u0644\u064a\u0627\u062a \u0648\u0627\u0644\u0645\u0642\u0627\u0631\u0628\u0627\u062a \u0648\u0627\u0644\u0645\u0646\u0647\u062c\u064a\u0627\u062a \u0648\u0627\u0644\u0623\u0646\u0638\u0645\u0629 \u0648\u0627\u0644\u062e\u0648\u0627\u0631\u0632\u0645\u064a\u0627\u062a \u0627\u0644\u0645\u0639\u0642\u062f\u0629 \u0644\u0627\u0633\u062a\u062e\u0644\u0627\u0635 \u0627\u0644\u0645\u0639\u0631\u0641\u0629 \u0648\u0627\u0644\u0645\u0639\u0644\u0648\u0645\u0627\u062a \u0627\u0644\u0644\u0627\u0632\u0645\u0629 \u0645\u0646 \u0627\u0644\u0628\u064a\u0627\u0646\u0627\u062a \u0627\u0644\u0645\u0647\u064a\u0643\u0644\u0629 \u0648\u063a\u064a\u0631 \u0627\u0644\u0645\u0647\u064a\u0643\u0644\u0629.<\/p>\n<p>\u062a\u0637\u0628\u064a\u0642 \u0639\u0644\u0645 \u0627\u0644\u0628\u064a\u0627\u0646\u0627\u062a \u0641\u064a \u0645\u062c\u0627\u0644\u0627\u062a \u0645\u062b\u0644 \u0627\u0644\u0635\u062d\u0629 \u0648\u0627\u0644\u062a\u0639\u0644\u064a\u0645 \u0648\u0627\u0644\u0645\u0627\u0644\u064a\u0629 \u0648\u0627\u0644\u0623\u0645\u0646 \u0648\u0627\u0644\u0637\u0627\u0642\u0629 \u064a\u062a\u064a\u062d \u0627\u0644\u0639\u062f\u064a\u062f \u0645\u0646 \u0627\u0644\u0641\u0631\u0635 \u0644\u0644\u0627\u0628\u062a\u0643\u0627\u0631 \u0648\u0627\u0644\u062a\u062d\u0633\u064a\u0646.<\/p>\n<p>\u0645\u0646 \u0623\u062c\u0644 \u062a\u0644\u0628\u064a\u0629 \u0647\u0630\u0647 \u0627\u0644\u0627\u062d\u062a\u064a\u0627\u062c\u0627\u062a\u060c \u0638\u0647\u0631\u062a \u0623\u0628\u062d\u0627\u062b \u062c\u062f\u064a\u062f\u0629 \u062a\u0631\u0643\u0632 \u0639\u0644\u0649 \u0627\u0644\u0645\u0639\u0644\u0648\u0645\u064a\u0627\u062a \u0648 \u0639\u0644\u0648\u0645 \u0627\u0644\u0628\u064a\u0627\u0646\u0627\u062a \u0648 \u0627\u0644\u0645\u0639\u0644\u0648\u0645\u0627\u062a \u0648 \u0627\u0644\u062a\u064a \u062a\u0646\u062f\u0631\u062c \u0641\u064a \u0625\u0637\u0627\u0631 \u0645\u0648\u0627\u0636\u064a\u0639 \u062a\u0647\u0645 \u0627\u0644\u0630\u0643\u0627\u0621 \u0627\u0644\u0627\u0635\u0637\u0646\u0627\u0639\u064a \u0648\u062a\u0634\u0645\u0644 \u0627\u0644\u0628\u064a\u0627\u0646\u0627\u062a \u0627\u0644\u0636\u062e\u0645\u0629 \u0648\u0627\u0644\u062d\u0648\u0633\u0628\u0629 \u0627\u0644\u0633\u062d\u0627\u0628\u064a\u0629 \u0648\u0627\u0644\u062a\u0639\u0644\u0645 \u0627\u0644\u0622\u0644\u064a \u0648\u0627\u0644\u062a\u0639\u0644\u0645 \u0627\u0644\u0639\u0645\u064a\u0642 &#8230;..<\/p>\n<p>&nbsp;<\/p>\n<p>\u0645\u0646 \u0623\u062c\u0644 \u062f\u0639\u0645 \u0647\u0630\u0627 \u0627\u0644\u062a\u0642\u062f\u0645 \u060c \u062a\u0637\u0644\u0642 \u0643\u0644\u064a\u0629 \u0639\u0644\u0648\u0645 \u0627\u0644\u0645\u0639\u0644\u0648\u0645\u0627\u062a (ESI) \u062a\u0643\u0648\u064a\u0646 \u0627\u0644\u062f\u0643\u062a\u0648\u0631\u0627\u0647 \u0641\u064a \u0647\u0630\u0627 \u0627\u0644\u0645\u062c\u0627\u0644 \u0648 \u0627\u0644\u0630\u064a \u064a\u0647\u062f\u0641 \u0625\u0644\u0649 \u0627\u0633\u062a\u062e\u062f\u0627\u0645 \u0627\u0644\u0645\u0639\u0644\u0648\u0645\u064a\u0627\u062a \u0648\u0627\u0644\u0630\u0643\u0627\u0621 \u0627\u0644\u0627\u0635\u0637\u0646\u0627\u0639\u064a \u0628\u0634\u0643\u0644 \u0623\u0641\u0636\u0644.<\/p>\n<p>\u064a\u0647\u062f\u0641 \u062a\u062f\u0631\u064a\u0628 \u0627\u0644\u062f\u0643\u062a\u0648\u0631\u0627\u0647 \u0641\u064a \u0627\u0644\u0645\u0639\u0644\u0648\u0645\u064a\u0627\u062a \u0648 \u0639\u0644\u0645 \u0627\u0644\u0628\u064a\u0627\u0646\u0627\u062a \u0625\u0644\u0649:<\/p>\n<ul>\n<li>\u0636\u0645\u0627\u0646 \u064a\u0642\u0638\u0629 \u0639\u0644\u0645\u064a\u0629 \u0648\u062a\u0642\u0646\u064a\u0629 \u0641\u064a \u0645\u062c\u0627\u0644\u0627\u062a \u0627\u0644\u0627\u0647\u062a\u0645\u0627\u0645\u061b<\/li>\n<li>\u0627\u0644\u0645\u0633\u0627\u0647\u0645\u0629 \u0641\u064a \u0627\u0644\u0623\u0628\u062d\u0627\u062b \u0627\u0644\u062a\u0637\u0628\u064a\u0642\u064a\u0629 \u0641\u064a \u0645\u062c\u0627\u0644\u0627\u062a \u0627\u0644\u0645\u0639\u0644\u0648\u0645\u064a\u0627\u062a \u0648\u0639\u0644\u0648\u0645 \u0627\u0644\u0628\u064a\u0627\u0646\u0627\u062a \u0648\u0627\u0644\u0645\u0639\u0644\u0648\u0645\u0627\u062a\u061b<\/li>\n<li>\u062a\u062b\u0645\u064a\u0646 \u0646\u062a\u0627\u0626\u062c \u0627\u0644\u0628\u062d\u0648\u062b \u0648 \u0627\u0644\u0627\u0633\u062a\u0641\u0627\u062f\u0629 \u0645\u0646\u0647\u0627 \u0645\u0646 \u062e\u0644\u0627\u0644 \u0627\u0644\u0645\u0634\u0627\u0631\u0643\u0629 \u0641\u064a \u0627\u0644\u0645\u0624\u062a\u0645\u0631\u0627\u062a \u0627\u0644\u0648\u0637\u0646\u064a\u0629 \u0648\u0627\u0644\u062f\u0648\u0644\u064a\u0629 \u0648\u0627\u0644\u0645\u0646\u0634\u0648\u0631\u0627\u062a \u0627\u0644\u0639\u0644\u0645\u064a\u0629 \u0641\u064a \u0627\u0644\u0645\u062c\u0644\u0627\u062a \u0627\u0644\u0645\u0641\u0647\u0631\u0633\u0629\u061b<\/li>\n<li>\u0627\u0644\u0645\u0633\u0627\u0647\u0645\u0629 \u0641\u064a \u062a\u062d\u0633\u064a\u0646 \u062c\u0648\u062f\u0629 \u0627\u0644\u062a\u0639\u0644\u064a\u0645 \u0627\u0644\u0639\u0627\u0644\u064a \u0648\u0627\u0644\u0628\u062d\u062b \u0627\u0644\u0639\u0644\u0645\u064a\u061b<\/li>\n<li>\u0627\u0644\u0645\u0633\u0627\u0647\u0645\u0629 \u0641\u064a \u0625\u0634\u0639\u0627\u0639 \u0645\u062f\u0631\u0633\u0629 \u0639\u0644\u0648\u0645 \u0627\u0644\u0645\u0639\u0644\u0648\u0645\u0627\u062a \u0643\u0645\u062f\u0631\u0633\u0629 \u0644\u062a\u0643\u0648\u064a\u0646 \u0627\u0644\u0645\u0647\u0646\u062f\u0633\u064a\u0646 \u0648 \u0627\u0644\u0628\u0627\u062d\u062b\u064a\u0646 \u0641\u064a \u0645\u062c\u0627\u0644\u0627\u062a \u0627\u0644\u0628\u064a\u0627\u0646\u0627\u062a \u0648 \u0627\u0644\u0645\u0639\u0631\u0641\u0629. \u0648\u062a\u062f\u0631\u064a\u0628 \u0641\u064a \u0643\u0644\u064a\u0629 \u0627\u0644\u0647\u0646\u062f\u0633\u0629 \u0648\u0628\u0627\u062d\u062b\u064a \u0627\u0644\u0628\u064a\u0627\u0646\u0627\u062a \u0648\u0627\u0644\u0645\u0639\u0631\u0641\u0629.<\/li>\n<\/ul>\n<p>[\/vc_column_text][vc_custom_heading text=&#8221;\u0634\u0631\u0648\u0637 \u0627\u0644\u0648\u0644\u0648\u062c&#8221; font_container=&#8221;tag:h2|font_size:23px|text_align:right|color:%23252525|line_height:23px&#8221; google_fonts=&#8221;font_family:Montserrat%3Aregular%2C700|font_style:700%20bold%20regular%3A700%3Anormal&#8221; css_animation=&#8221;fadeInUp&#8221;][vc_column_text css_animation=&#8221;fadeInUp&#8221; css=&#8221;.vc_custom_1641813018716{margin-bottom: 30px !important;}&#8221;]\u0634\u0631\u0648\u0637 \u0627\u0644\u0648\u0644\u0648\u062c \u0625\u0644\u0649 \u062a\u0643\u0648\u064a\u0646 \u0627\u0644\u062f\u0643\u062a\u0648\u0631\u0627\u0647:[\/vc_column_text][vc_custom_heading text=&#8221;\u0627\u0644\u0634\u0648\u0627\u0647\u062f \u0627\u0644\u0645\u0637\u0644\u0648\u0628\u0629&#8221; font_container=&#8221;tag:h4|text_align:right|color:%231b77b6&#8243; google_fonts=&#8221;font_family:Montserrat%3Aregular%2C700|font_style:400%20regular%3A400%3Anormal&#8221; css_animation=&#8221;fadeInUp&#8221;][vc_column_text css_animation=&#8221;fadeInUp&#8221; css=&#8221;.vc_custom_1641813041801{margin-bottom: 30px !important;}&#8221;]<\/p>\n<ul>\n<li>\u062f\u0628\u0644\u0648\u0645 \u0625\u0639\u0644\u0627\u0645\u064a \u0645\u062e\u062a\u0635<\/li>\n<li>\u062f\u0628\u0644\u0648\u0645 DESA<\/li>\n<li>\u062f\u0628\u0644\u0648\u0645 \u0645\u0627\u0633\u062a\u0631<\/li>\n<li>\u062f\u0628\u0644\u0648\u0645 \u0645\u0647\u0646\u062f\u0633 \u062f\u0648\u0644\u0629 \u0623\u0648 \u0623\u064a \u062f\u0628\u0644\u0648\u0645 \u0645\u0639\u0627\u062f\u0644 \u0644\u0647<\/li>\n<\/ul>\n<p>[\/vc_column_text][vc_custom_heading text=&#8221;\u0627\u0644\u0645\u062a\u0637\u0644\u0628\u0627\u062a \u0627\u0644\u0639\u0644\u0645\u064a\u0629 \u0648 \u0627\u0644\u0628\u064a\u062f\u0627\u063a\u0648\u062c\u064a\u0629&#8221; font_container=&#8221;tag:h4|text_align:right|color:%231b77b6&#8243; google_fonts=&#8221;font_family:Montserrat%3Aregular%2C700|font_style:400%20regular%3A400%3Anormal&#8221; css_animation=&#8221;fadeInUp&#8221;][vc_column_text css_animation=&#8221;fadeInUp&#8221; css=&#8221;.vc_custom_1641813061451{margin-bottom: 30px !important;}&#8221;]<\/p>\n<ul>\n<li>\u0627\u0644\u062a\u0645\u0643\u0646 \u0645\u0646 \u0627\u0644\u0644\u063a\u0629 \u0627\u0644\u0641\u0631\u0646\u0633\u064a\u0629 \u0648 \u0645\u0639\u0631\u0641\u0629 \u0627\u0644\u0644\u063a\u0629 \u0627\u0644\u0625\u0646\u062c\u0644\u064a\u0632\u064a\u0629<\/li>\n<li>\u0627\u0644\u062a\u0645\u0643\u0646 \u0645\u0646 \u0623\u0633\u0627\u0633\u064a\u0627\u062a \u0627\u0644\u0645\u0639\u0644\u0648\u0645\u064a\u0627\u062a<\/li>\n<\/ul>\n<p>[\/vc_column_text][vc_custom_heading text=&#8221;\u0628\u0631\u0627\u0645\u062c \u0627\u0644\u062a\u0643\u0648\u064a\u0646&#8221; font_container=&#8221;tag:h2|font_size:23px|text_align:right|color:%23252525|line_height:23px&#8221; google_fonts=&#8221;font_family:Montserrat%3Aregular%2C700|font_style:700%20bold%20regular%3A700%3Anormal&#8221; css_animation=&#8221;fadeInUp&#8221;][vc_custom_heading text=&#8221;\u0648\u062d\u062f\u0627\u062a \u0634\u0627\u0645\u0644\u0629&#8221; font_container=&#8221;tag:h4|text_align:right|color:%231b77b6&#8243; google_fonts=&#8221;font_family:Montserrat%3Aregular%2C700|font_style:400%20regular%3A400%3Anormal&#8221; css_animation=&#8221;fadeInUp&#8221;][vc_row_inner equal_height=&#8221;yes&#8221;][vc_column_inner width=&#8221;1\/2&#8243;][vc_custom_heading text=&#8221;\u0627\u0644\u0633\u0646\u0629 \u0627\u0644\u0623\u0648\u0644\u0649&#8221; font_container=&#8221;tag:h5|text_align:right|color:%23dd9933&#8243; google_fonts=&#8221;font_family:Montserrat%3Aregular%2C700|font_style:400%20regular%3A400%3Anormal&#8221; css_animation=&#8221;fadeInUp&#8221;][vc_column_text]<\/p>\n<ul>\n<li>\u00c9thique de la recherche et int\u00e9grit\u00e9 scientifique<\/li>\n<li>M\u00e9thodologie de recherche<\/li>\n<li>Critical reading<\/li>\n<li>Recherche de l\u2019information scientifique et technique<\/li>\n<li>Initiation \u00e0 la R\u00e9daction en Latex<\/li>\n<\/ul>\n<p>[\/vc_column_text][\/vc_column_inner][vc_column_inner width=&#8221;1\/2&#8243;][vc_custom_heading text=&#8221;\u0627\u0644\u0633\u0646\u0629 \u0627\u0644\u062b\u0627\u0646\u064a\u0629&#8221; font_container=&#8221;tag:h5|text_align:right|color:%23dd9933&#8243; google_fonts=&#8221;font_family:Montserrat%3Aregular%2C700|font_style:400%20regular%3A400%3Anormal&#8221; css_animation=&#8221;fadeInUp&#8221;][vc_column_text]<\/p>\n<ul>\n<li>Culture entrepreneuriale<\/li>\n<li>Droit de l\u2019information<\/li>\n<li>Open access \u00e0 l\u2019information scientifique et technique<\/li>\n<li>P\u00e9dagogie universitaire<\/li>\n<li>Communication et publication scientifique<\/li>\n<li>S\u00e9minaire Innovation et d\u00e9p\u00f4t de brevet<\/li>\n<\/ul>\n<p>[\/vc_column_text][\/vc_column_inner][\/vc_row_inner][vc_custom_heading text=&#8221;\u0648\u062d\u062f\u0627\u062a \u0627\u0644\u062a\u062e\u0635\u0635&#8221; font_container=&#8221;tag:h4|text_align:right|color:%231b77b6&#8243; google_fonts=&#8221;font_family:Montserrat%3Aregular%2C700|font_style:400%20regular%3A400%3Anormal&#8221; css_animation=&#8221;fadeInUp&#8221;][vc_column_text]<\/p>\n<p class=\"p1\" dir=\"rtl\">\u064a\u062a\u0639\u0644\u0642 \u0627\u0644\u0623\u0645\u0631 \u0628\u062a\u0643\u0648\u064a\u0646 \u0645\u062d\u062f\u062f \u0644\u0643\u0644 \u0637\u0627\u0644\u0628 \u062f\u0643\u062a\u0648\u0631\u0627\u0647 \u0627\u0639\u062a\u0645\u0627\u062f\u064b\u0627 \u0639\u0644\u0649 \u0637\u0628\u064a\u0639\u0629 \u0648\u0645\u062a\u0637\u0644\u0628\u0627\u062a \u0645\u0648\u0636\u0648\u0639 \u0627\u0644\u0628\u062d\u062b. \u064a\u062a\u0645 \u0627\u062e\u062a\u064a\u0627\u0631 \u0627\u0644\u0648\u062d\u062f\u0629 (\u0627\u0644\u0648\u062d\u062f\u0627\u062a) \u0645\u0646 \u0637\u0631\u0641 \u0637\u0627\u0644\u0628 \u0627\u0644\u062f\u0643\u062a\u0648\u0631\u0627\u0647 \u0628\u0627\u0644\u062a\u0634\u0627\u0648\u0631 \u0645\u0639 \u0645\u062f\u064a\u0631 \u0623\u0637\u0631\u0648\u062d\u062a\u0647 \u0648\u0648\u0641\u0642\u064b\u0627 \u0644\u0644\u0645\u0647\u0627\u0631\u0627\u062a \u0627\u0644\u0625\u0636\u0627\u0641\u064a\u0629 \u0627\u0644\u0645\u0641\u064a\u062f\u0629 \u0644\u0637\u0627\u0644\u0628 \u0627\u0644\u062f\u0643\u062a\u0648\u0631\u0627\u0647 \u0648\u0627\u0644\u0645\u062c\u0627\u0644\u0627\u062a \u0627\u0644\u0639\u0644\u0645\u064a\u0629 \u0627\u0644\u062a\u064a \u0645\u0646 \u0627\u0644\u0645\u062d\u062a\u0645\u0644 \u0623\u0646 \u062a\u0633\u0627\u0639\u062f\u0647 \u0641\u064a \u0627\u0644\u062a\u0642\u062f\u0645 \u0641\u064a \u0639\u0645\u0644\u0647 \u0627\u0644\u0628\u062d\u062b\u064a.<span class=\"Apple-converted-space\">\u00a0<\/span><\/p>\n<p class=\"p1\" dir=\"rtl\">\u064a\u062a\u064a\u062d \u0647\u0630\u0627 \u0627\u0644\u062a\u0643\u0648\u064a\u0646 \u0625\u0644\u0649 \u0627\u0644\u062d\u0635\u0648\u0644 \u0639\u0644\u0649 \u0634\u0647\u0627\u062f\u0627\u062a \u062d\u0636\u0648\u0631 \u0648 \u064a\u0628\u0644\u063a \u062d\u062c\u0645\u0647<span class=\"Apple-converted-space\">\u00a0 <\/span>100 \u0633\u0627\u0639\u0629.<span class=\"Apple-converted-space\">\u00a0<\/span><\/p>\n<p class=\"p1\" dir=\"rtl\">\u064a\u0645\u0643\u0646 \u062d\u0633\u0627\u0628 \u0647\u0630\u0647 \u0627\u0644\u0640 100 \u0633\u0627\u0639\u0629 \u0639\u0644\u0649 \u0634\u0643\u0644:<\/p>\n<ul>\n<li>\u0627\u0644\u0645\u0634\u0627\u0631\u0643\u0629 \u0641\u064a \u0627\u0644\u0646\u062f\u0648\u0627\u062a \u0648\u0627\u0644\u0645\u0624\u062a\u0645\u0631\u0627\u062a \u0648\u0627\u0644\u0645\u062f\u0627\u0631\u0633 \u0627\u0644\u0645\u0648\u0627\u0636\u064a\u0639\u064a\u0629 \u0648\u0627\u0644\u062f\u0648\u0631\u0627\u062a \u0627\u0644\u0627\u062e\u062a\u064a\u0627\u0631\u064a\u0629 \u0648\u0623\u064a\u0627\u0645 \u0627\u0644\u062f\u0643\u062a\u0648\u0631\u0627\u0647\u060c<\/li>\n<li>\u0627\u0644\u0645\u0634\u0627\u0631\u0643\u0629 \u0641\u064a \u062a\u0646\u0638\u064a\u0645 \u0641\u0639\u0627\u0644\u064a\u0627\u062a \u0639\u0644\u0645\u064a\u0629 \u0648\u062b\u0642\u0627\u0641\u064a\u0629<span class=\"s2\">&#8230;&#8230;<\/span><\/li>\n<\/ul>\n<p>[\/vc_column_text][\/vc_column][\/vc_row]<\/p>\n","protected":false},"excerpt":{"rendered":"<p>[vc_row][vc_column][vc_column_text css_animation=&#8221;fadeInUp&#8221; css=&#8221;.vc_custom_1641812997201{margin-bottom: 30px !important;}&#8221;]\u0639\u0644\u0645 \u0627\u0644\u0628\u064a\u0627\u0646\u0627\u062a \u0647\u0648 \u0645\u062c\u0627\u0644 \u062f\u0631\u0627\u0633\u064a \u0645\u062a\u0639\u062f\u062f \u0627\u0644\u062a\u062e\u0635\u0635\u0627\u062a \u064a\u0633\u062a\u062e\u062f\u0645 \u0627\u0644\u0639\u0645\u0644\u064a\u0627\u062a \u0648\u0627\u0644\u0645\u0642\u0627\u0631\u0628\u0627\u062a \u0648\u0627\u0644\u0645\u0646\u0647\u062c\u064a\u0627\u062a \u0648\u0627\u0644\u0623\u0646\u0638\u0645\u0629 \u0648\u0627\u0644\u062e\u0648\u0627\u0631\u0632\u0645\u064a\u0627\u062a \u0627\u0644\u0645\u0639\u0642\u062f\u0629 \u0644\u0627\u0633\u062a\u062e\u0644\u0627\u0635 \u0627\u0644\u0645\u0639\u0631\u0641\u0629 \u0648\u0627\u0644\u0645\u0639\u0644\u0648\u0645\u0627\u062a \u0627\u0644\u0644\u0627\u0632\u0645\u0629 \u0645\u0646 \u0627\u0644\u0628\u064a\u0627\u0646\u0627\u062a \u0627\u0644\u0645\u0647\u064a\u0643\u0644\u0629 \u0648\u063a\u064a\u0631 \u0627\u0644\u0645\u0647\u064a\u0643\u0644\u0629. \u062a\u0637\u0628\u064a\u0642 \u0639\u0644\u0645 \u0627\u0644\u0628\u064a\u0627\u0646\u0627\u062a \u0641\u064a \u0645\u062c\u0627\u0644\u0627\u062a \u0645\u062b\u0644 \u0627\u0644\u0635\u062d\u0629 \u0648\u0627\u0644\u062a\u0639\u0644\u064a\u0645 \u0648\u0627\u0644\u0645\u0627\u0644\u064a\u0629 \u0648\u0627\u0644\u0623\u0645\u0646 \u0648\u0627\u0644\u0637\u0627\u0642\u0629 \u064a\u062a\u064a\u062d \u0627\u0644\u0639\u062f\u064a\u062f \u0645\u0646 \u0627\u0644\u0641\u0631\u0635 \u0644\u0644\u0627\u0628\u062a\u0643\u0627\u0631 \u0648\u0627\u0644\u062a\u062d\u0633\u064a\u0646. \u0645\u0646 \u0623\u062c\u0644 \u062a\u0644\u0628\u064a\u0629 \u0647\u0630\u0647 \u0627\u0644\u0627\u062d\u062a\u064a\u0627\u062c\u0627\u062a\u060c \u0638\u0647\u0631\u062a \u0623\u0628\u062d\u0627\u062b \u062c\u062f\u064a\u062f\u0629 \u062a\u0631\u0643\u0632 \u0639\u0644\u0649 \u0627\u0644\u0645\u0639\u0644\u0648\u0645\u064a\u0627\u062a [&hellip;]<\/p>\n","protected":false},"author":1,"featured_media":0,"parent":783,"menu_order":0,"comment_status":"closed","ping_status":"closed","template":"","meta":{"footnotes":""},"class_list":["post-787","page","type-page","status-publish","hentry"],"_links":{"self":[{"href":"https:\/\/esi.ac.ma\/ar\/wp-json\/wp\/v2\/pages\/787","targetHints":{"allow":["GET"]}}],"collection":[{"href":"https:\/\/esi.ac.ma\/ar\/wp-json\/wp\/v2\/pages"}],"about":[{"href":"https:\/\/esi.ac.ma\/ar\/wp-json\/wp\/v2\/types\/page"}],"author":[{"embeddable":true,"href":"https:\/\/esi.ac.ma\/ar\/wp-json\/wp\/v2\/users\/1"}],"replies":[{"embeddable":true,"href":"https:\/\/esi.ac.ma\/ar\/wp-json\/wp\/v2\/comments?post=787"}],"version-history":[{"count":2,"href":"https:\/\/esi.ac.ma\/ar\/wp-json\/wp\/v2\/pages\/787\/revisions"}],"predecessor-version":[{"id":2777,"href":"https:\/\/esi.ac.ma\/ar\/wp-json\/wp\/v2\/pages\/787\/revisions\/2777"}],"up":[{"embeddable":true,"href":"https:\/\/esi.ac.ma\/ar\/wp-json\/wp\/v2\/pages\/783"}],"wp:attachment":[{"href":"https:\/\/esi.ac.ma\/ar\/wp-json\/wp\/v2\/media?parent=787"}],"curies":[{"name":"wp","href":"https:\/\/api.w.org\/{rel}","templated":true}]}}