{"id":803,"date":"2021-06-21T14:36:59","date_gmt":"2021-06-21T14:36:59","guid":{"rendered":"https:\/\/esi.ac.ma\/formation\/formation-initiale\/cycle-master-specialise\/master-specialise-en-intelligence-competitive-et-strategique\/"},"modified":"2025-09-29T12:10:42","modified_gmt":"2025-09-29T11:10:42","slug":"ms-ics","status":"publish","type":"page","link":"https:\/\/esi.ac.ma\/ar\/formation-initiale\/cycle-master\/ms-ics\/","title":{"rendered":"\u0645\u0627\u0633\u062a\u0631 \u0641\u064a \u0627\u0644\u0630\u0643\u0627\u0621 \u0627\u0644\u062a\u0646\u0627\u0641\u0633\u064a \u0648 \u0627\u0644\u0627\u0633\u062a\u0631\u0627\u062a\u064a\u062c\u064a"},"content":{"rendered":"<p>[vc_row full_width=&#8221;stretch_row&#8221; css=&#8221;.vc_custom_1627504382582{background-position: 0 0 !important;background-repeat: no-repeat !important;}&#8221;][vc_column]<div class=\"title-subtile-holder wow bounce text_left\"><div class=\"section-subtitle dark_subtitle\">\u0633\u0644\u0643 \u0627\u0644\u0645\u0627\u0633\u062a\u0631<\/div><h1 class=\"section-title dark_title\">\u0645\u0627\u0633\u062a\u0631 \u0641\u064a \u0627\u0644\u0630\u0643\u0627\u0621 \u0627\u0644\u062a\u0646\u0627\u0641\u0633\u064a \u0648 \u0627\u0644\u0627\u0633\u062a\u0631\u0627\u062a\u064a\u062c\u064a<\/h1><div class=\"section-border blue_border\"><\/div><\/div>[vc_column_text css_animation=&#8221;fadeInUp&#8221; css=&#8221;.vc_custom_1646591173989{margin-bottom: 30px !important;}&#8221;]<\/p>\n<ul>\n<li>\u062a\u0643\u0648\u064a\u0646 \u0646\u0648\u0627\u0629 \u0644\u0644\u062a\u0645\u064a\u0632 \u0641\u064a\u00a0 \u0645\u062e\u062a\u0644\u0641 \u0645\u062c\u0627\u0644\u0627\u062a \u062a\u062e\u0635\u0635 \u0627\u0644\u0630\u0643\u0627\u0621 \u0627\u0644\u062a\u0646\u0627\u0641\u0633\u064a \u0648\u0627\u0644\u0627\u0633\u062a\u0631\u0627\u062a\u064a\u062c\u064a.<\/li>\n<li>\u062a\u062f\u0631\u064a\u0628 \u0627\u0644\u0645\u062a\u062e\u0635\u0635\u064a\u0646 \u0641\u064a \u0627\u0644\u0628\u062d\u062b \u0648\u0627\u0644\u0645\u0639\u0627\u0644\u062c\u0629 \u0648\u0627\u0644\u062a\u062d\u0644\u064a\u0644 \u0648\u0646\u0634\u0631 \u0627\u0644\u0645\u0639\u0644\u0648\u0645\u0627\u062a \u0627\u0644\u0627\u0633\u062a\u0631\u0627\u062a\u064a\u062c\u064a\u0629 \u0627\u0644\u0644\u0627\u0632\u0645\u0629 \u0644\u062a\u0637\u0648\u064a\u0631 \u0627\u0644\u0645\u0646\u0638\u0645\u0627\u062a.<\/li>\n<\/ul>\n<p>[\/vc_column_text][vc_custom_heading text=&#8221;\u0634\u0631\u0648\u0637 \u0627\u0644\u0648\u0644\u0648\u062c&#8221; font_container=&#8221;tag:h2|font_size:23px|text_align:right|color:%23252525|line_height:23px&#8221; google_fonts=&#8221;font_family:Montserrat%3Aregular%2C700|font_style:700%20bold%20regular%3A700%3Anormal&#8221; css_animation=&#8221;fadeInUp&#8221;][vc_column_text css_animation=&#8221;fadeInUp&#8221; css=&#8221;.vc_custom_1641828468995{margin-bottom: 30px !important;}&#8221;]\u062a\u0641\u062a\u062d \u062a\u0643\u0648\u064a\u0646\u0627\u062a \u0633\u0644\u0643 \u0627\u0644\u0645\u0627\u0633\u062a\u0631\u060c \u0639\u0646 \u0637\u0631\u064a\u0642 \u0645\u0628\u0627\u0631\u0627\u0629\u060c \u00a0\u0641\u064a \u0648\u062c\u0647 \u0627\u0644\u062d\u0627\u0635\u0644\u064a\u0646 \u0639\u0644\u0649 :<\/p>\n<ul>\n<li>\u0634\u0647\u0627\u062f\u0629 \u0625\u0639\u0644\u0627\u0645\u064a, \u062e\u0631\u064a\u062c\u064a \u0645\u062f\u0631\u0633\u0629 \u0639\u0644\u0648\u0645 \u0627\u0644\u0645\u0639\u0644\u0648\u0645\u0627\u062a \u0623\u0648 \u0623\u064a \u0634\u0647\u0627\u062f\u0629 \u0645\u0639\u0627\u062f\u0644\u0629 \u0645\u0639\u062a\u0631\u0641 \u0628\u0647\u0627 \u0634\u0631\u0637 \u0627\u0644\u062d\u0635\u0648\u0644 \u0639\u0644\u0649 \u0645\u0639\u062f\u0644 \u200b\u200b\u0639\u0627\u0645 \u064a\u0641\u0648\u0642 \u0623\u0648 \u064a\u0633\u0627\u0648\u064a 12\/20 \u0641\u064a\u00a0 \u0645\u062c\u0645\u0648\u0639 \u0633\u0646\u0648\u0627\u062a \u0627\u0644\u062f\u0631\u0627\u0633\u0629.<\/li>\n<li>\u0634\u0647\u0627\u062f\u0629 \u0627\u0644\u0625\u062c\u0627\u0632\u0629 \u0641\u064a \u0627\u0644\u0645\u064a\u0627\u062f\u064a\u0646 \u00a0: \u0639\u0644\u0648\u0645 \u0627\u0644\u0631\u064a\u0627\u0636\u064a\u0627\u062a \u0648 \u0627\u0644\u0645\u0639\u0644\u0648\u0645\u064a\u0627\u062a \u060c \u0627\u0644\u0639\u0644\u0648\u0645 \u0627\u0644\u0627\u0642\u062a\u0635\u0627\u062f\u064a\u0629 \u060c \u0639\u0644\u0648\u0645 \u0627\u0644\u062a\u0633\u064a\u064a\u0631 \u0648 \u0627\u0644\u062a\u062c\u0627\u0631\u0629 \u060c \u0627\u0644\u0639\u0644\u0648\u0645 \u0627\u0644\u0642\u0627\u0646\u0648\u0646\u064a\u0629 \u0634\u0631\u0637 \u0627\u0644\u062d\u0635\u0648\u0644 \u0639\u0644\u0649 \u0645\u0639\u062f\u0644 \u200b\u200b\u0639\u0627\u0645 \u064a\u0641\u0648\u0642 \u0623\u0648 \u064a\u0633\u0627\u0648\u064a 12\/20 \u0641\u064a\u00a0 \u0645\u062c\u0645\u0648\u0639 \u0633\u0646\u0648\u0627\u062a \u0627\u0644\u062f\u0631\u0627\u0633\u0629. (\u062b\u0644\u0627\u062b \u0633\u0646\u0648\u0627\u062a \u0645\u0646 \u0627\u0644\u062f\u0631\u0627\u0633\u0629 \u0627\u0644\u0645\u0633\u062a\u0645\u0631\u0629 \u0641\u064a \u0646\u0641\u0633 \u0627\u0644\u0645\u0633\u0644\u0643)<\/li>\n<\/ul>\n<p>[\/vc_column_text][vc_custom_heading text=&#8221;\u0627\u0644\u0645\u0647\u0646 \u0627\u0644\u0645\u0632\u0627\u0648\u0644\u0629&#8221; font_container=&#8221;tag:h2|font_size:23px|text_align:right|color:%23252525|line_height:23px&#8221; google_fonts=&#8221;font_family:Montserrat%3Aregular%2C700|font_style:700%20bold%20regular%3A700%3Anormal&#8221; css_animation=&#8221;fadeInUp&#8221;][vc_column_text css_animation=&#8221;fadeInUp&#8221; css=&#8221;.vc_custom_1627504336222{margin-bottom: 30px !important;}&#8221;]<\/p>\n<ul>\n<li><em>Charg\u00e9 d&#8217;un Centre d&#8217;Intelligence Strat\u00e9gique, d&#8217;Intelligence Economique, de Veille Strat\u00e9gique, ou de Management des Connaissances (KM) ;<\/em><\/li>\n<li><em>Analyste Veilleur ;<\/em><\/li>\n<li><em>Auditeur en Intelligence Comp\u00e9titive ;<\/em><\/li>\n<li><em>Knowledge Manager ;<\/em><\/li>\n<li><em>Information Architect ;<\/em><\/li>\n<li><em>Animateur (consultant ou expert) de r\u00e9seau\/syst\u00e8me d&#8217;Intelligence Strat\u00e9gique ou de Management des Connaissances ;<\/em><\/li>\n<\/ul>\n<p>[\/vc_column_text][vc_custom_heading text=&#8221;\u0628\u0631\u0646\u0627\u0645\u062c \u0627\u0644\u062a\u0643\u0648\u064a\u0646&#8221; font_container=&#8221;tag:h2|font_size:23px|text_align:right|color:%23252525|line_height:23px&#8221; google_fonts=&#8221;font_family:Montserrat%3Aregular%2C700|font_style:700%20bold%20regular%3A700%3Anormal&#8221; css_animation=&#8221;fadeInUp&#8221;][vc_column_text]\u0633\u0646\u062a\u0627\u0646 \u0645\u0646 \u0627\u0644\u062a\u062f\u0631\u064a\u0628 (\u0627\u0644\u062a\u0643\u0648\u064a\u0646 \u0627\u0644\u0623\u0633\u0627\u0633\u064a \u0641\u064a 4 \u0641\u0635\u0648\u0644 \u062f\u0631\u0627\u0633\u064a\u0629\u060c 24 \u0648\u062d\u062f\u0629 \u0645\u0646\u0647\u0627 6 \u0645\u062e\u0635\u0635\u0629 \u0644\u0623\u0637\u0631\u0648\u062d\u0629 \u00a0\u0646\u0647\u0627\u064a\u0629 \u0627\u0644\u062f\u0631\u0627\u0633\u0629 &#8211; MFE).[\/vc_column_text][vc_tta_accordion shape=&#8221;square&#8221; color=&#8221;green&#8221; c_align=&#8221;right&#8221; active_section=&#8221;1&#8243; el_class=&#8221;accordion-services&#8221;][vc_tta_section title=&#8221;\u0627\u0644\u0623\u0633\u062f\u0633 \u0627\u0644\u0623\u0648\u0644&#8221; tab_id=&#8221;semestre-1&#8243;][vc_column_text]<\/p>\n<ul>\n<li>Environnement international : \u00e9conomie de l\u2019information et de la connaissance \u00e0 l&#8217;\u00e8re du digital<\/li>\n<li>Intelligence \u00e9conomique: les fondements<\/li>\n<li>Analyse strat\u00e9gique des organisations<\/li>\n<li>Management de l&#8217;information et veille<\/li>\n<li>Initiation \u00e0 la statistique, analyse de donn\u00e9es et aide \u00e0 la d\u00e9cision<\/li>\n<li>Business English<\/li>\n<\/ul>\n<p>[\/vc_column_text][\/vc_tta_section][vc_tta_section title=&#8221;\u0627\u0644\u0623\u0633\u062f\u0633 \u0627\u0644\u062b\u0627\u0646\u064a&#8221; tab_id=&#8221;semestre-2&#8243;][vc_column_text css_animation=&#8221;none&#8221;]<\/p>\n<ul>\n<li>Environnement international et comp\u00e9titivit\u00e9 : mondialisation, risques et menaces<\/li>\n<li>Intelligence \u00e9conomique en pratique<\/li>\n<li>Management de l\u2019information et des connaissances<\/li>\n<li>Analyse \u00e9conomique<\/li>\n<li>Information : droit, \u00e9thique et d\u00e9ontologie<\/li>\n<li>Communication institutionnelle et communication de crise<\/li>\n<\/ul>\n<p>[\/vc_column_text][\/vc_tta_section][vc_tta_section title=&#8221;\u0627\u0644\u0623\u0633\u062f\u0633 \u0627\u0644\u062b\u0627\u0644\u062b&#8221; tab_id=&#8221;semestre-3&#8243;][vc_column_text css_animation=&#8221;none&#8221;]<\/p>\n<ul>\n<li>Dimensions autres de l&#8217;Intelligence : territoriale, juridique, culturelle\u2026<\/li>\n<li>G\u00e9o-\u00e9conomie et prospective<\/li>\n<li>Protection et d\u00e9fense du patrimoine informationnel et des connaissances<\/li>\n<li>Influence et contre-influence<\/li>\n<li>Strat\u00e9gie et op\u00e9rations d\u2019influence<\/li>\n<li>M\u00e9thodologie de recherche<\/li>\n<\/ul>\n<p>[\/vc_column_text][\/vc_tta_section][vc_tta_section title=&#8221;\u0627\u0644\u0623\u0633\u062f\u0633 \u0627\u0644\u0631\u0627\u0628\u0639&#8221; tab_id=&#8221;semestre-4&#8243;][vc_column_text css_animation=&#8221;none&#8221;]<\/p>\n<ul>\n<li>Stage et M\u00e9moire de fin d\u2019\u00e9tudes (MFE)<\/li>\n<\/ul>\n<p>[\/vc_column_text][\/vc_tta_section][\/vc_tta_accordion][\/vc_column][\/vc_row]<\/p>\n","protected":false},"excerpt":{"rendered":"<p>[vc_row full_width=&#8221;stretch_row&#8221; css=&#8221;.vc_custom_1627504382582{background-position: 0 0 !important;background-repeat: no-repeat !important;}&#8221;][vc_column][vc_column_text css_animation=&#8221;fadeInUp&#8221; css=&#8221;.vc_custom_1646591173989{margin-bottom: 30px !important;}&#8221;] \u062a\u0643\u0648\u064a\u0646 \u0646\u0648\u0627\u0629 \u0644\u0644\u062a\u0645\u064a\u0632 \u0641\u064a\u00a0 \u0645\u062e\u062a\u0644\u0641 \u0645\u062c\u0627\u0644\u0627\u062a \u062a\u062e\u0635\u0635 \u0627\u0644\u0630\u0643\u0627\u0621 \u0627\u0644\u062a\u0646\u0627\u0641\u0633\u064a \u0648\u0627\u0644\u0627\u0633\u062a\u0631\u0627\u062a\u064a\u062c\u064a. \u062a\u062f\u0631\u064a\u0628 \u0627\u0644\u0645\u062a\u062e\u0635\u0635\u064a\u0646 \u0641\u064a \u0627\u0644\u0628\u062d\u062b \u0648\u0627\u0644\u0645\u0639\u0627\u0644\u062c\u0629 \u0648\u0627\u0644\u062a\u062d\u0644\u064a\u0644 \u0648\u0646\u0634\u0631 \u0627\u0644\u0645\u0639\u0644\u0648\u0645\u0627\u062a \u0627\u0644\u0627\u0633\u062a\u0631\u0627\u062a\u064a\u062c\u064a\u0629 \u0627\u0644\u0644\u0627\u0632\u0645\u0629 \u0644\u062a\u0637\u0648\u064a\u0631 \u0627\u0644\u0645\u0646\u0638\u0645\u0627\u062a. [\/vc_column_text][vc_custom_heading text=&#8221;\u0634\u0631\u0648\u0637 \u0627\u0644\u0648\u0644\u0648\u062c&#8221; font_container=&#8221;tag:h2|font_size:23px|text_align:right|color:%23252525|line_height:23px&#8221; google_fonts=&#8221;font_family:Montserrat%3Aregular%2C700|font_style:700%20bold%20regular%3A700%3Anormal&#8221; css_animation=&#8221;fadeInUp&#8221;][vc_column_text css_animation=&#8221;fadeInUp&#8221; css=&#8221;.vc_custom_1641828468995{margin-bottom: 30px !important;}&#8221;]\u062a\u0641\u062a\u062d \u062a\u0643\u0648\u064a\u0646\u0627\u062a \u0633\u0644\u0643 \u0627\u0644\u0645\u0627\u0633\u062a\u0631\u060c \u0639\u0646 \u0637\u0631\u064a\u0642 \u0645\u0628\u0627\u0631\u0627\u0629\u060c \u00a0\u0641\u064a \u0648\u062c\u0647 \u0627\u0644\u062d\u0627\u0635\u0644\u064a\u0646 \u0639\u0644\u0649 : [&hellip;]<\/p>\n","protected":false},"author":1,"featured_media":0,"parent":799,"menu_order":0,"comment_status":"closed","ping_status":"closed","template":"","meta":{"footnotes":""},"class_list":["post-803","page","type-page","status-publish","hentry"],"_links":{"self":[{"href":"https:\/\/esi.ac.ma\/ar\/wp-json\/wp\/v2\/pages\/803","targetHints":{"allow":["GET"]}}],"collection":[{"href":"https:\/\/esi.ac.ma\/ar\/wp-json\/wp\/v2\/pages"}],"about":[{"href":"https:\/\/esi.ac.ma\/ar\/wp-json\/wp\/v2\/types\/page"}],"author":[{"embeddable":true,"href":"https:\/\/esi.ac.ma\/ar\/wp-json\/wp\/v2\/users\/1"}],"replies":[{"embeddable":true,"href":"https:\/\/esi.ac.ma\/ar\/wp-json\/wp\/v2\/comments?post=803"}],"version-history":[{"count":8,"href":"https:\/\/esi.ac.ma\/ar\/wp-json\/wp\/v2\/pages\/803\/revisions"}],"predecessor-version":[{"id":7913,"href":"https:\/\/esi.ac.ma\/ar\/wp-json\/wp\/v2\/pages\/803\/revisions\/7913"}],"up":[{"embeddable":true,"href":"https:\/\/esi.ac.ma\/ar\/wp-json\/wp\/v2\/pages\/799"}],"wp:attachment":[{"href":"https:\/\/esi.ac.ma\/ar\/wp-json\/wp\/v2\/media?parent=803"}],"curies":[{"name":"wp","href":"https:\/\/api.w.org\/{rel}","templated":true}]}}