{"id":720,"date":"2021-09-08T17:29:59","date_gmt":"2021-09-08T17:29:59","guid":{"rendered":"https:\/\/esi.ac.ma\/formation\/formation-continue\/formation-a-la-carte\/cloud-computing-systemes-repartis\/"},"modified":"2021-09-08T17:29:59","modified_gmt":"2021-09-08T17:29:59","slug":"cloud-computing-systemes-repartis","status":"publish","type":"page","link":"https:\/\/esi.ac.ma\/en\/formation\/formation-continue\/cloud-computing-systemes-repartis\/","title":{"rendered":"Cloud Computing &#038; Syst\u00e8mes r\u00e9partis"},"content":{"rendered":"<p>[vc_row][vc_column][vc_custom_heading text=&#8221;Objectifs&#8221; google_fonts=&#8221;font_family:Montserrat%3Aregular%2C700|font_style:700%20bold%20regular%3A700%3Anormal&#8221;][vc_column_text]<\/p>\n<ul>\n<li>Fournir un panorama raisonn\u00e9 de divers types de syst\u00e8mes.<\/li>\n<li>Comprendre la probl\u00e9matique sp\u00e9cifique du distribu\u00e9.<\/li>\n<\/ul>\n<p>[\/vc_column_text][vc_custom_heading text=&#8221;Contenu&#8221; google_fonts=&#8221;font_family:Montserrat%3Aregular%2C700|font_style:700%20bold%20regular%3A700%3Anormal&#8221;][vc_row_inner][vc_column_inner width=&#8221;1\/3&#8243;][vc_custom_heading text=&#8221;Cloud computing&#8221; font_container=&#8221;tag:h4|text_align:left&#8221; google_fonts=&#8221;font_family:Montserrat%3Aregular%2C700|font_style:700%20bold%20regular%3A700%3Anormal&#8221;][vc_column_text]<\/p>\n<ul>\n<li>Principes architecturaux du &#8220;cloud computing&#8221;<\/li>\n<li>Mise \u00e0 l\u2019\u00e9chelle de services de &#8220;cloud computing&#8221;<\/li>\n<li>Blocs de base pour les services de &#8220;cloud computing&#8221;<\/li>\n<li>Calculs \u00e0 grande \u00e9chelle dans des environnements de &#8220;cloud computing&#8221;<\/li>\n<li>Mod\u00e8les de programmation pour les services sur le &#8220;cloud&#8221;<\/li>\n<li>Fournir des services Web \u00e9volutifs dans le &#8220;cloud&#8221;<\/li>\n<\/ul>\n<p>[\/vc_column_text][\/vc_column_inner][vc_column_inner width=&#8221;1\/3&#8243;][vc_custom_heading text=&#8221;Syst\u00e8mes r\u00e9partis&#8221; font_container=&#8221;tag:h4|text_align:left&#8221; google_fonts=&#8221;font_family:Montserrat%3Aregular%2C700|font_style:700%20bold%20regular%3A700%3Anormal&#8221;][vc_column_text]<\/p>\n<ul>\n<li>Pr\u00e9sentation des probl\u00e9matiques des syst\u00e8mes r\u00e9partis<\/li>\n<li>Architecture multiprocesseurs<\/li>\n<li>Probl\u00e9matique des syst\u00e8mes r\u00e9partis : nommage, partage d&#8217;informations, coh\u00e9rence, temps et horloges logiques<\/li>\n<li>T\u00e2ches : ordonnancement, terminaison, r\u00e9partition des calculs<\/li>\n<li>Informations : syst\u00e8me de fichiers r\u00e9partis, informations, coh\u00e9rence de donn\u00e9es r\u00e9parties<\/li>\n<li>Coop\u00e9ration et concurrence entre processus : exclusion mutuelle d\u00e9centralis\u00e9e, synchronisation de t\u00e2ches, partage de ressources et inter blocages<\/li>\n<li>Syst\u00e8me d&#8217;objets<\/li>\n<\/ul>\n<p>[\/vc_column_text][\/vc_column_inner][vc_column_inner width=&#8221;1\/3&#8243;][vc_custom_heading text=&#8221;CORBA&#8221; font_container=&#8221;tag:h4|text_align:left&#8221; google_fonts=&#8221;font_family:Montserrat%3Aregular%2C700|font_style:700%20bold%20regular%3A700%3Anormal&#8221;][vc_column_text]<\/p>\n<ul>\n<li>Pr\u00e9sentation et utilisation de CORBA<\/li>\n<li>Architecture : plate-forme de d\u00e9veloppements r\u00e9partis, architecture globale, bus et services CORBA<\/li>\n<\/ul>\n<p>[\/vc_column_text][\/vc_column_inner][\/vc_row_inner][\/vc_column][\/vc_row][vc_row][vc_column][\/vc_column][\/vc_row]<\/p>\n","protected":false},"excerpt":{"rendered":"<p>[vc_row][vc_column][vc_custom_heading text=&#8221;Objectifs&#8221; google_fonts=&#8221;font_family:Montserrat%3Aregular%2C700|font_style:700%20bold%20regular%3A700%3Anormal&#8221;][vc_column_text] Fournir un panorama raisonn\u00e9 de divers types de syst\u00e8mes. Comprendre la probl\u00e9matique sp\u00e9cifique du distribu\u00e9. [\/vc_column_text][vc_custom_heading text=&#8221;Contenu&#8221; google_fonts=&#8221;font_family:Montserrat%3Aregular%2C700|font_style:700%20bold%20regular%3A700%3Anormal&#8221;][vc_row_inner][vc_column_inner width=&#8221;1\/3&#8243;][vc_custom_heading text=&#8221;Cloud computing&#8221; font_container=&#8221;tag:h4|text_align:left&#8221; google_fonts=&#8221;font_family:Montserrat%3Aregular%2C700|font_style:700%20bold%20regular%3A700%3Anormal&#8221;][vc_column_text] Principes architecturaux du &#8220;cloud computing&#8221; Mise \u00e0 l\u2019\u00e9chelle de services de &#8220;cloud computing&#8221; Blocs de base pour les services de &#8220;cloud computing&#8221; Calculs \u00e0 grande \u00e9chelle dans des environnements [&hellip;]<\/p>\n","protected":false},"author":1,"featured_media":0,"parent":706,"menu_order":0,"comment_status":"closed","ping_status":"closed","template":"","meta":{"footnotes":""},"class_list":["post-720","page","type-page","status-publish","hentry"],"_links":{"self":[{"href":"https:\/\/esi.ac.ma\/en\/wp-json\/wp\/v2\/pages\/720","targetHints":{"allow":["GET"]}}],"collection":[{"href":"https:\/\/esi.ac.ma\/en\/wp-json\/wp\/v2\/pages"}],"about":[{"href":"https:\/\/esi.ac.ma\/en\/wp-json\/wp\/v2\/types\/page"}],"author":[{"embeddable":true,"href":"https:\/\/esi.ac.ma\/en\/wp-json\/wp\/v2\/users\/1"}],"replies":[{"embeddable":true,"href":"https:\/\/esi.ac.ma\/en\/wp-json\/wp\/v2\/comments?post=720"}],"version-history":[{"count":0,"href":"https:\/\/esi.ac.ma\/en\/wp-json\/wp\/v2\/pages\/720\/revisions"}],"up":[{"embeddable":true,"href":"https:\/\/esi.ac.ma\/en\/wp-json\/wp\/v2\/pages\/706"}],"wp:attachment":[{"href":"https:\/\/esi.ac.ma\/en\/wp-json\/wp\/v2\/media?parent=720"}],"curies":[{"name":"wp","href":"https:\/\/api.w.org\/{rel}","templated":true}]}}