{"id":738,"date":"2021-09-08T14:44:49","date_gmt":"2021-09-08T14:44:49","guid":{"rendered":"https:\/\/esi.ac.ma\/formation\/formation-continue\/formation-a-la-carte\/intelligence-territoriale\/"},"modified":"2021-09-08T14:44:49","modified_gmt":"2021-09-08T14:44:49","slug":"intelligence-territoriale","status":"publish","type":"page","link":"https:\/\/esi.ac.ma\/en\/formation\/formation-continue\/intelligence-territoriale\/","title":{"rendered":"Intelligence territoriale"},"content":{"rendered":"<p>[vc_row][vc_column][vc_custom_heading text=&#8221;Objectifs&#8221; google_fonts=&#8221;font_family:Montserrat%3Aregular%2C700|font_style:700%20bold%20regular%3A700%3Anormal&#8221;][vc_column_text]<\/p>\n<ul>\n<li>Sensibiliser les apprenants \u00e0 l\u00b4importance de la prise en compte des enjeux territoriales dans la d\u00e9marche de l&#8217;Intelligence \u00c9conomique.<\/li>\n<li>Donner aux apprenants un \u00e9clairage sur les syst\u00e8mes de surveillance du territoire de l\u00b4organisation, afin d\u00b4en d\u00e9tecter les menaces et les opportunit\u00e9s.<\/li>\n<\/ul>\n<p>[\/vc_column_text][vc_custom_heading text=&#8221;Contenu&#8221; google_fonts=&#8221;font_family:Montserrat%3Aregular%2C700|font_style:700%20bold%20regular%3A700%3Anormal&#8221;][vc_row_inner][vc_column_inner width=&#8221;1\/3&#8243;][vc_custom_heading text=&#8221;Intelligence territoriale&#8221; font_container=&#8221;tag:h4|text_align:left&#8221; google_fonts=&#8221;font_family:Montserrat%3Aregular%2C700|font_style:700%20bold%20regular%3A700%3Anormal&#8221;][vc_column_text]<\/p>\n<ul>\n<li>Enjeux informationnels des territoires<\/li>\n<li>Concept d&#8217;intelligence territoriale : \u00e9tude et origine<\/li>\n<\/ul>\n<p>[\/vc_column_text][vc_custom_heading text=&#8221;Acteurs de l\u2019intelligence territoriale&#8221; font_container=&#8221;tag:h4|text_align:left&#8221; google_fonts=&#8221;font_family:Montserrat%3Aregular%2C700|font_style:700%20bold%20regular%3A700%3Anormal&#8221;][vc_column_text]<\/p>\n<ul>\n<li>Op\u00e9rateurs du d\u00e9veloppement \u00e9conomique territorial<\/li>\n<li>Agents territoriaux<\/li>\n<li>Centres de documentation et d\u00b4information<\/li>\n<li>Soci\u00e9t\u00e9 civile et collectivit\u00e9s<\/li>\n<li>Cabinets, partis politiques<\/li>\n<\/ul>\n<p>[\/vc_column_text][\/vc_column_inner][vc_column_inner width=&#8221;1\/3&#8243;][vc_custom_heading text=&#8221;Clients de l\u2019intelligence territoriale&#8221; font_container=&#8221;tag:h4|text_align:left&#8221; google_fonts=&#8221;font_family:Montserrat%3Aregular%2C700|font_style:700%20bold%20regular%3A700%3Anormal&#8221;][vc_column_text]<\/p>\n<ul>\n<li>D\u00e9cideurs \u00e9conomiques territoriaux<\/li>\n<li>Entreprises du territoire<\/li>\n<li>Agents territoriaux<\/li>\n<li>Soci\u00e9t\u00e9 civile, citoyens et associations<\/li>\n<li>\u00c9lus locaux<\/li>\n<\/ul>\n<p>[\/vc_column_text][vc_custom_heading text=&#8221;M\u00e9thodes et Outils d&#8217;intelligence territoriale&#8221; font_container=&#8221;tag:h4|text_align:left&#8221; google_fonts=&#8221;font_family:Montserrat%3Aregular%2C700|font_style:700%20bold%20regular%3A700%3Anormal&#8221;][vc_column_text]<\/p>\n<ul>\n<li>M\u00e9thode Catalyse<\/li>\n<li>Outils<\/li>\n<\/ul>\n<p>[\/vc_column_text][\/vc_column_inner][vc_column_inner width=&#8221;1\/3&#8243;][vc_custom_heading text=&#8221;Domaines d\u00b4application de l&#8217;intelligence territoriale&#8221; font_container=&#8221;tag:h4|text_align:left&#8221; google_fonts=&#8221;font_family:Montserrat%3Aregular%2C700|font_style:700%20bold%20regular%3A700%3Anormal&#8221;][vc_column_text]<\/p>\n<ul>\n<li>Intelligence strat\u00e9gique territoriale<\/li>\n<li>Intelligence \u00e9conomique territoriale<\/li>\n<li>Veille territoriale<\/li>\n<li>Territoires num\u00e9riques et intelligents<\/li>\n<li>Intelligence politique<\/li>\n<\/ul>\n<p>[\/vc_column_text][\/vc_column_inner][\/vc_row_inner][\/vc_column][\/vc_row][vc_row][vc_column][\/vc_column][\/vc_row]<\/p>\n","protected":false},"excerpt":{"rendered":"<p>[vc_row][vc_column][vc_custom_heading text=&#8221;Objectifs&#8221; google_fonts=&#8221;font_family:Montserrat%3Aregular%2C700|font_style:700%20bold%20regular%3A700%3Anormal&#8221;][vc_column_text] Sensibiliser les apprenants \u00e0 l\u00b4importance de la prise en compte des enjeux territoriales dans la d\u00e9marche de l&#8217;Intelligence \u00c9conomique. Donner aux apprenants un \u00e9clairage sur les syst\u00e8mes de surveillance du territoire de l\u00b4organisation, afin d\u00b4en d\u00e9tecter les menaces et les opportunit\u00e9s. [\/vc_column_text][vc_custom_heading text=&#8221;Contenu&#8221; google_fonts=&#8221;font_family:Montserrat%3Aregular%2C700|font_style:700%20bold%20regular%3A700%3Anormal&#8221;][vc_row_inner][vc_column_inner width=&#8221;1\/3&#8243;][vc_custom_heading text=&#8221;Intelligence territoriale&#8221; font_container=&#8221;tag:h4|text_align:left&#8221; google_fonts=&#8221;font_family:Montserrat%3Aregular%2C700|font_style:700%20bold%20regular%3A700%3Anormal&#8221;][vc_column_text] Enjeux informationnels des [&hellip;]<\/p>\n","protected":false},"author":1,"featured_media":0,"parent":706,"menu_order":0,"comment_status":"closed","ping_status":"closed","template":"","meta":{"footnotes":""},"class_list":["post-738","page","type-page","status-publish","hentry"],"_links":{"self":[{"href":"https:\/\/esi.ac.ma\/en\/wp-json\/wp\/v2\/pages\/738","targetHints":{"allow":["GET"]}}],"collection":[{"href":"https:\/\/esi.ac.ma\/en\/wp-json\/wp\/v2\/pages"}],"about":[{"href":"https:\/\/esi.ac.ma\/en\/wp-json\/wp\/v2\/types\/page"}],"author":[{"embeddable":true,"href":"https:\/\/esi.ac.ma\/en\/wp-json\/wp\/v2\/users\/1"}],"replies":[{"embeddable":true,"href":"https:\/\/esi.ac.ma\/en\/wp-json\/wp\/v2\/comments?post=738"}],"version-history":[{"count":0,"href":"https:\/\/esi.ac.ma\/en\/wp-json\/wp\/v2\/pages\/738\/revisions"}],"up":[{"embeddable":true,"href":"https:\/\/esi.ac.ma\/en\/wp-json\/wp\/v2\/pages\/706"}],"wp:attachment":[{"href":"https:\/\/esi.ac.ma\/en\/wp-json\/wp\/v2\/media?parent=738"}],"curies":[{"name":"wp","href":"https:\/\/api.w.org\/{rel}","templated":true}]}}