{"id":744,"date":"2021-09-08T14:33:01","date_gmt":"2021-09-08T14:33:01","guid":{"rendered":"https:\/\/esi.ac.ma\/formation\/formation-continue\/formation-a-la-carte\/logiciel-de-records-management-alfresco\/"},"modified":"2021-09-08T14:33:01","modified_gmt":"2021-09-08T14:33:01","slug":"logiciel-de-records-management-alfresco","status":"publish","type":"page","link":"https:\/\/esi.ac.ma\/en\/formation\/formation-continue\/logiciel-de-records-management-alfresco\/","title":{"rendered":"Logiciel de records management \u2013 Alfresco"},"content":{"rendered":"<p>[vc_row][vc_column][vc_custom_heading text=&#8221;Objectifs&#8221; google_fonts=&#8221;font_family:Montserrat%3Aregular%2C700|font_style:700%20bold%20regular%3A700%3Anormal&#8221;][vc_column_text]<\/p>\n<ul>\n<li>Acqu\u00e9rir une connaissance d\u2019ensemble des Syst\u00e8mes int\u00e9gr\u00e9s.<\/li>\n<li>Cr\u00e9er une base de donn\u00e9es documentaire et l\u2019administrer.<\/li>\n<li>Rechercher les informations dans la base de donn\u00e9es.<\/li>\n<li>Mettre en production le logiciel ALFRESCO.<\/li>\n<\/ul>\n<p>[\/vc_column_text][vc_custom_heading text=&#8221;Contenu&#8221; google_fonts=&#8221;font_family:Montserrat%3Aregular%2C700|font_style:700%20bold%20regular%3A700%3Anormal&#8221;][vc_row_inner][vc_column_inner width=&#8221;1\/2&#8243;][vc_custom_heading text=&#8221;Logiciels de records management : g\u00e9n\u00e9ralit\u00e9s&#8221; font_container=&#8221;tag:h4|text_align:left&#8221; google_fonts=&#8221;font_family:Montserrat%3Aregular%2C700|font_style:700%20bold%20regular%3A700%3Anormal&#8221;][vc_column_text]<\/p>\n<ul>\n<li>Gestion Electronique des documents<\/li>\n<li>Syst\u00e8mes d\u2019archivage \u00e9lectroniques<\/li>\n<li>Gestion des courriers \u00e9lectroniques<\/li>\n<li>Content Management System<\/li>\n<li>Entreprise Content Management<\/li>\n<li>Web content management<\/li>\n<li>Digital Asset Management<\/li>\n<\/ul>\n<p>[\/vc_column_text][\/vc_column_inner][vc_column_inner width=&#8221;1\/2&#8243;][vc_custom_heading text=&#8221;Alfresco&#8221; font_container=&#8221;tag:h4|text_align:left&#8221; google_fonts=&#8221;font_family:Montserrat%3Aregular%2C700|font_style:700%20bold%20regular%3A700%3Anormal&#8221;][vc_column_text]<\/p>\n<ul>\n<li>Pr\u00e9sentation d\u2019Alfresco<\/li>\n<li>Installation d\u2019Alfresco sur son ordinateur<\/li>\n<li>Utiliser Alfresco<\/li>\n<li>Personnalisation du tableau de bord<\/li>\n<li>Administration d\u2019Alfresco<\/li>\n<li>Cr\u00e9ation, \u00e9dition, modification du contenu<\/li>\n<li>Recherche des documents<\/li>\n<li>Op\u00e9rations avanc\u00e9es sur les contenus<\/li>\n<li>Mod\u00e8les de contenu<\/li>\n<li>Administration avanc\u00e9e<\/li>\n<\/ul>\n<p>[\/vc_column_text][\/vc_column_inner][\/vc_row_inner][\/vc_column][\/vc_row][vc_row][vc_column][\/vc_column][\/vc_row]<\/p>\n","protected":false},"excerpt":{"rendered":"<p>[vc_row][vc_column][vc_custom_heading text=&#8221;Objectifs&#8221; google_fonts=&#8221;font_family:Montserrat%3Aregular%2C700|font_style:700%20bold%20regular%3A700%3Anormal&#8221;][vc_column_text] Acqu\u00e9rir une connaissance d\u2019ensemble des Syst\u00e8mes int\u00e9gr\u00e9s. Cr\u00e9er une base de donn\u00e9es documentaire et l\u2019administrer. Rechercher les informations dans la base de donn\u00e9es. Mettre en production le logiciel ALFRESCO. [\/vc_column_text][vc_custom_heading text=&#8221;Contenu&#8221; google_fonts=&#8221;font_family:Montserrat%3Aregular%2C700|font_style:700%20bold%20regular%3A700%3Anormal&#8221;][vc_row_inner][vc_column_inner width=&#8221;1\/2&#8243;][vc_custom_heading text=&#8221;Logiciels de records management : g\u00e9n\u00e9ralit\u00e9s&#8221; font_container=&#8221;tag:h4|text_align:left&#8221; google_fonts=&#8221;font_family:Montserrat%3Aregular%2C700|font_style:700%20bold%20regular%3A700%3Anormal&#8221;][vc_column_text] Gestion Electronique des documents Syst\u00e8mes d\u2019archivage \u00e9lectroniques Gestion des courriers \u00e9lectroniques [&hellip;]<\/p>\n","protected":false},"author":1,"featured_media":0,"parent":706,"menu_order":0,"comment_status":"closed","ping_status":"closed","template":"","meta":{"footnotes":""},"class_list":["post-744","page","type-page","status-publish","hentry"],"_links":{"self":[{"href":"https:\/\/esi.ac.ma\/en\/wp-json\/wp\/v2\/pages\/744","targetHints":{"allow":["GET"]}}],"collection":[{"href":"https:\/\/esi.ac.ma\/en\/wp-json\/wp\/v2\/pages"}],"about":[{"href":"https:\/\/esi.ac.ma\/en\/wp-json\/wp\/v2\/types\/page"}],"author":[{"embeddable":true,"href":"https:\/\/esi.ac.ma\/en\/wp-json\/wp\/v2\/users\/1"}],"replies":[{"embeddable":true,"href":"https:\/\/esi.ac.ma\/en\/wp-json\/wp\/v2\/comments?post=744"}],"version-history":[{"count":0,"href":"https:\/\/esi.ac.ma\/en\/wp-json\/wp\/v2\/pages\/744\/revisions"}],"up":[{"embeddable":true,"href":"https:\/\/esi.ac.ma\/en\/wp-json\/wp\/v2\/pages\/706"}],"wp:attachment":[{"href":"https:\/\/esi.ac.ma\/en\/wp-json\/wp\/v2\/media?parent=744"}],"curies":[{"name":"wp","href":"https:\/\/api.w.org\/{rel}","templated":true}]}}