{"id":746,"date":"2021-09-08T14:32:35","date_gmt":"2021-09-08T14:32:35","guid":{"rendered":"https:\/\/esi.ac.ma\/formation\/formation-continue\/formation-a-la-carte\/logiciel-de-records-management-maarch\/"},"modified":"2021-09-08T14:32:35","modified_gmt":"2021-09-08T14:32:35","slug":"logiciel-de-records-management-maarch","status":"publish","type":"page","link":"https:\/\/esi.ac.ma\/en\/formation\/formation-continue\/logiciel-de-records-management-maarch\/","title":{"rendered":"Logiciel de records management \u2013 Maarch"},"content":{"rendered":"<p>[vc_row][vc_column][vc_custom_heading text=&#8221;Objectifs&#8221; google_fonts=&#8221;font_family:Montserrat%3Aregular%2C700|font_style:700%20bold%20regular%3A700%3Anormal&#8221;][vc_column_text]<\/p>\n<ul>\n<li>Acqu\u00e9rir une connaissance d\u2019ensemble des Syst\u00e8mes int\u00e9gr\u00e9s.<\/li>\n<li>Cr\u00e9er une base de donn\u00e9es documentaire et l\u2019administrer.<\/li>\n<li>Rechercher les informations dans la base de donn\u00e9es.<\/li>\n<li>Mettre en production le logiciel MAARCH.<\/li>\n<\/ul>\n<p>[\/vc_column_text][vc_custom_heading text=&#8221;Contenu&#8221; google_fonts=&#8221;font_family:Montserrat%3Aregular%2C700|font_style:700%20bold%20regular%3A700%3Anormal&#8221;][vc_row_inner][vc_column_inner width=&#8221;1\/2&#8243;][vc_custom_heading text=&#8221;Logiciels de records management : G\u00e9n\u00e9ralit\u00e9s&#8221; font_container=&#8221;tag:h4|text_align:left&#8221; google_fonts=&#8221;font_family:Montserrat%3Aregular%2C700|font_style:700%20bold%20regular%3A700%3Anormal&#8221;][vc_column_text]<\/p>\n<ul>\n<li>Gestion Electronique des documents<\/li>\n<li>Syst\u00e8mes d\u2019archivage \u00e9lectroniques<\/li>\n<li>Gestion des courriers \u00e9lectroniques<\/li>\n<li>Content Management Systems<\/li>\n<li>Entreprise Content Management<\/li>\n<li>Web content management<\/li>\n<li>Digital Asset Management<\/li>\n<\/ul>\n<p>[\/vc_column_text][\/vc_column_inner][vc_column_inner width=&#8221;1\/2&#8243;][vc_custom_heading text=&#8221;Maarch entreprise&#8221; font_container=&#8221;tag:h4|text_align:left&#8221; google_fonts=&#8221;font_family:Montserrat%3Aregular%2C700|font_style:700%20bold%20regular%3A700%3Anormal&#8221;][vc_column_text]<\/p>\n<ul>\n<li>Pr\u00e9sentation<\/li>\n<li>Prise en main<\/li>\n<li>Administration et param\u00e9trage des modules<\/li>\n<li>Gestion d\u2019un d\u00e9p\u00f4t documentaire complet bas\u00e9 sur un framework SQL.<\/li>\n<li>MAARCH Courrier : organisation de l\u2019information administrative<\/li>\n<\/ul>\n<p>[\/vc_column_text][\/vc_column_inner][\/vc_row_inner][\/vc_column][\/vc_row][vc_row][vc_column][\/vc_column][\/vc_row]<\/p>\n","protected":false},"excerpt":{"rendered":"<p>[vc_row][vc_column][vc_custom_heading text=&#8221;Objectifs&#8221; google_fonts=&#8221;font_family:Montserrat%3Aregular%2C700|font_style:700%20bold%20regular%3A700%3Anormal&#8221;][vc_column_text] Acqu\u00e9rir une connaissance d\u2019ensemble des Syst\u00e8mes int\u00e9gr\u00e9s. Cr\u00e9er une base de donn\u00e9es documentaire et l\u2019administrer. Rechercher les informations dans la base de donn\u00e9es. Mettre en production le logiciel MAARCH. [\/vc_column_text][vc_custom_heading text=&#8221;Contenu&#8221; google_fonts=&#8221;font_family:Montserrat%3Aregular%2C700|font_style:700%20bold%20regular%3A700%3Anormal&#8221;][vc_row_inner][vc_column_inner width=&#8221;1\/2&#8243;][vc_custom_heading text=&#8221;Logiciels de records management : G\u00e9n\u00e9ralit\u00e9s&#8221; font_container=&#8221;tag:h4|text_align:left&#8221; google_fonts=&#8221;font_family:Montserrat%3Aregular%2C700|font_style:700%20bold%20regular%3A700%3Anormal&#8221;][vc_column_text] Gestion Electronique des documents Syst\u00e8mes d\u2019archivage \u00e9lectroniques Gestion des courriers \u00e9lectroniques [&hellip;]<\/p>\n","protected":false},"author":1,"featured_media":0,"parent":706,"menu_order":0,"comment_status":"closed","ping_status":"closed","template":"","meta":{"footnotes":""},"class_list":["post-746","page","type-page","status-publish","hentry"],"_links":{"self":[{"href":"https:\/\/esi.ac.ma\/en\/wp-json\/wp\/v2\/pages\/746","targetHints":{"allow":["GET"]}}],"collection":[{"href":"https:\/\/esi.ac.ma\/en\/wp-json\/wp\/v2\/pages"}],"about":[{"href":"https:\/\/esi.ac.ma\/en\/wp-json\/wp\/v2\/types\/page"}],"author":[{"embeddable":true,"href":"https:\/\/esi.ac.ma\/en\/wp-json\/wp\/v2\/users\/1"}],"replies":[{"embeddable":true,"href":"https:\/\/esi.ac.ma\/en\/wp-json\/wp\/v2\/comments?post=746"}],"version-history":[{"count":0,"href":"https:\/\/esi.ac.ma\/en\/wp-json\/wp\/v2\/pages\/746\/revisions"}],"up":[{"embeddable":true,"href":"https:\/\/esi.ac.ma\/en\/wp-json\/wp\/v2\/pages\/706"}],"wp:attachment":[{"href":"https:\/\/esi.ac.ma\/en\/wp-json\/wp\/v2\/media?parent=746"}],"curies":[{"name":"wp","href":"https:\/\/api.w.org\/{rel}","templated":true}]}}