{"id":750,"date":"2021-09-08T14:35:49","date_gmt":"2021-09-08T14:35:49","guid":{"rendered":"https:\/\/esi.ac.ma\/formation\/formation-continue\/formation-a-la-carte\/logiciels-documentaires-pmb\/"},"modified":"2021-09-08T14:35:49","modified_gmt":"2021-09-08T14:35:49","slug":"logiciels-documentaires-pmb","status":"publish","type":"page","link":"https:\/\/esi.ac.ma\/en\/formation\/formation-continue\/logiciels-documentaires-pmb\/","title":{"rendered":"Logiciels documentaires : PMB"},"content":{"rendered":"<p>[vc_row][vc_column][vc_custom_heading text=&#8221;Objectifs&#8221; google_fonts=&#8221;font_family:Montserrat%3Aregular%2C700|font_style:700%20bold%20regular%3A700%3Anormal&#8221;][vc_column_text]<\/p>\n<ul>\n<li>Pr\u00e9parer les stagiaires \u00e0 utiliser les fonctionnalit\u00e9s du Logiciel documentaire PMB.<\/li>\n<li>Acqu\u00e9rir une connaissance d&#8217;ensemble du logiciel PMB.<\/li>\n<li>Utiliser les fonctionnalit\u00e9s du logiciel PMB.<\/li>\n<li>G\u00e9rer le fonds documentaire et la circulation des documents avec le logiciel PMB.<\/li>\n<li>Faire de la diffusion s\u00e9lective de l&#8217;information (DSI).<\/li>\n<\/ul>\n<p>[\/vc_column_text][vc_custom_heading text=&#8221;Contenu&#8221; google_fonts=&#8221;font_family:Montserrat%3Aregular%2C700|font_style:700%20bold%20regular%3A700%3Anormal&#8221;][vc_row_inner][vc_column_inner width=&#8221;1\/2&#8243;][vc_custom_heading text=&#8221;Introduction th\u00e9orique&#8221; font_container=&#8221;tag:h4|text_align:left&#8221; google_fonts=&#8221;font_family:Montserrat%3Aregular%2C700|font_style:700%20bold%20regular%3A700%3Anormal&#8221;][vc_column_text]<\/p>\n<ul>\n<li>Logiciel PMB et code source<\/li>\n<li>Logiciels libres de gestion de biblioth\u00e8que\n<ul>\n<li>Histoire et d\u00e9finition des logiciels libres<\/li>\n<li>Une philosophie commune<\/li>\n<li>Impasse des logiciels propri\u00e9taires<\/li>\n<li>Question des co\u00fbts<\/li>\n<li>Avantages et d\u00e9savantages des SIGB libres<\/li>\n<\/ul>\n<\/li>\n<li>SIGB : Fonctionnalit\u00e9s<\/li>\n<\/ul>\n<p>[\/vc_column_text][\/vc_column_inner][vc_column_inner width=&#8221;1\/2&#8243;][vc_custom_heading text=&#8221;Ateliers pratiques&#8221; font_container=&#8221;tag:h4|text_align:left&#8221; google_fonts=&#8221;font_family:Montserrat%3Aregular%2C700|font_style:700%20bold%20regular%3A700%3Anormal&#8221;][vc_column_text]<\/p>\n<ul>\n<li>Pr\u00e9sentation de PMB<\/li>\n<li>T\u00e9l\u00e9chargement et installation<\/li>\n<li>Param\u00e9trage des Pr\u00e9f\u00e9rences<\/li>\n<li>Administration<\/li>\n<li>Gestion des Autorit\u00e9s<\/li>\n<li>Catalogage<\/li>\n<li>Circulation : pr\u00eat et retour des documents<\/li>\n<li>Sauvegarde et restauration<\/li>\n<li>Importation et exportation des notices<\/li>\n<li>Gestion des p\u00e9riodiques<\/li>\n<li>Mise \u00e0 jour de PMB<\/li>\n<\/ul>\n<p>[\/vc_column_text][\/vc_column_inner][\/vc_row_inner][\/vc_column][\/vc_row][vc_row][vc_column][\/vc_column][\/vc_row]<\/p>\n","protected":false},"excerpt":{"rendered":"<p>[vc_row][vc_column][vc_custom_heading text=&#8221;Objectifs&#8221; google_fonts=&#8221;font_family:Montserrat%3Aregular%2C700|font_style:700%20bold%20regular%3A700%3Anormal&#8221;][vc_column_text] Pr\u00e9parer les stagiaires \u00e0 utiliser les fonctionnalit\u00e9s du Logiciel documentaire PMB. Acqu\u00e9rir une connaissance d&#8217;ensemble du logiciel PMB. Utiliser les fonctionnalit\u00e9s du logiciel PMB. G\u00e9rer le fonds documentaire et la circulation des documents avec le logiciel PMB. Faire de la diffusion s\u00e9lective de l&#8217;information (DSI). [\/vc_column_text][vc_custom_heading text=&#8221;Contenu&#8221; google_fonts=&#8221;font_family:Montserrat%3Aregular%2C700|font_style:700%20bold%20regular%3A700%3Anormal&#8221;][vc_row_inner][vc_column_inner width=&#8221;1\/2&#8243;][vc_custom_heading text=&#8221;Introduction th\u00e9orique&#8221; font_container=&#8221;tag:h4|text_align:left&#8221; [&hellip;]<\/p>\n","protected":false},"author":1,"featured_media":0,"parent":706,"menu_order":0,"comment_status":"closed","ping_status":"closed","template":"","meta":{"footnotes":""},"class_list":["post-750","page","type-page","status-publish","hentry"],"_links":{"self":[{"href":"https:\/\/esi.ac.ma\/en\/wp-json\/wp\/v2\/pages\/750","targetHints":{"allow":["GET"]}}],"collection":[{"href":"https:\/\/esi.ac.ma\/en\/wp-json\/wp\/v2\/pages"}],"about":[{"href":"https:\/\/esi.ac.ma\/en\/wp-json\/wp\/v2\/types\/page"}],"author":[{"embeddable":true,"href":"https:\/\/esi.ac.ma\/en\/wp-json\/wp\/v2\/users\/1"}],"replies":[{"embeddable":true,"href":"https:\/\/esi.ac.ma\/en\/wp-json\/wp\/v2\/comments?post=750"}],"version-history":[{"count":0,"href":"https:\/\/esi.ac.ma\/en\/wp-json\/wp\/v2\/pages\/750\/revisions"}],"up":[{"embeddable":true,"href":"https:\/\/esi.ac.ma\/en\/wp-json\/wp\/v2\/pages\/706"}],"wp:attachment":[{"href":"https:\/\/esi.ac.ma\/en\/wp-json\/wp\/v2\/media?parent=750"}],"curies":[{"name":"wp","href":"https:\/\/api.w.org\/{rel}","templated":true}]}}