{"id":760,"date":"2021-09-08T14:31:41","date_gmt":"2021-09-08T14:31:41","guid":{"rendered":"https:\/\/esi.ac.ma\/formation\/formation-continue\/formation-a-la-carte\/techniques-de-gestion-des-documents-administratifs-et-des-archives\/"},"modified":"2021-09-08T14:31:41","modified_gmt":"2021-09-08T14:31:41","slug":"techniques-de-gestion-des-documents-administratifs-et-des-archives","status":"publish","type":"page","link":"https:\/\/esi.ac.ma\/en\/formation\/formation-continue\/techniques-de-gestion-des-documents-administratifs-et-des-archives\/","title":{"rendered":"Techniques de gestion des documents administratifs et des archives"},"content":{"rendered":"<p>[vc_row][vc_column][vc_custom_heading text=&#8221;Objectifs&#8221; google_fonts=&#8221;font_family:Montserrat%3Aregular%2C700|font_style:700%20bold%20regular%3A700%3Anormal&#8221;][vc_column_text]<\/p>\n<ul>\n<li>Acqu\u00e9rir les m\u00e9thodes d&#8217;\u00e9laboration du recensement des archives.<\/li>\n<li>Acqu\u00e9rir les techniques de tri, de classification, de cotation et de diffusion des archives courantes.<\/li>\n<li>Acqu\u00e9rir les techniques d&#8217;\u00e9laboration d&#8217;un calendrier de conservation.<\/li>\n<li>Acqu\u00e9rir les techniques de gestion des archives courantes, interm\u00e9diaires et d\u00e9finitives.<\/li>\n<\/ul>\n<p>[\/vc_column_text][vc_custom_heading text=&#8221;Contenu&#8221; google_fonts=&#8221;font_family:Montserrat%3Aregular%2C700|font_style:700%20bold%20regular%3A700%3Anormal&#8221;][vc_row_inner][vc_column_inner width=&#8221;1\/3&#8243;][vc_custom_heading text=&#8221;Terminologie archivistique&#8221; font_container=&#8221;tag:h4|text_align:left&#8221; google_fonts=&#8221;font_family:Montserrat%3Aregular%2C700|font_style:700%20bold%20regular%3A700%3Anormal&#8221;][vc_column_text]<\/p>\n<ul>\n<li>D\u00e9finir les archives : notions g\u00e9n\u00e9rales, r\u00f4le, objectifs et particularit\u00e9s<\/li>\n<li>La th\u00e9orie des trois \u00e2ges<\/li>\n<li>Terminologie archivistique de base : les unit\u00e9s archivistiques et les unit\u00e9s de classement<\/li>\n<\/ul>\n<p>[\/vc_column_text][vc_custom_heading text=&#8221;Gestion des archives interm\u00e9diaires &#8221; font_container=&#8221;tag:h4|text_align:left&#8221; google_fonts=&#8221;font_family:Montserrat%3Aregular%2C700|font_style:700%20bold%20regular%3A700%3Anormal&#8221;][vc_column_text]<\/p>\n<ul>\n<li>Collecte et pr\u00e9paration des versements des archives interm\u00e9diaires<\/li>\n<li>Bordereau de versement<\/li>\n<li>Traitement des archives interm\u00e9diaires<\/li>\n<\/ul>\n<p>[\/vc_column_text][\/vc_column_inner][vc_column_inner width=&#8221;1\/3&#8243;][vc_custom_heading text=&#8221;Proposition et d\u00e9finition d&#8217;un syst\u00e8me d&#8217;archivage&#8221; font_container=&#8221;tag:h4|text_align:left&#8221; google_fonts=&#8221;font_family:Montserrat%3Aregular%2C700|font_style:700%20bold%20regular%3A700%3Anormal&#8221;][vc_column_text]<\/p>\n<ul>\n<li>Inventaire des archives<\/li>\n<li>Indexation et analyse des documents<\/li>\n<li>Analyse et classement des archives courantes<\/li>\n<li>Syst\u00e8me de cotation<\/li>\n<li>Contr\u00f4le de la circulation des documents<\/li>\n<\/ul>\n<p>[\/vc_column_text][vc_custom_heading text=&#8221;Versements des archives historiques&#8221; font_container=&#8221;tag:h4|text_align:left&#8221; google_fonts=&#8221;font_family:Montserrat%3Aregular%2C700|font_style:700%20bold%20regular%3A700%3Anormal&#8221;][vc_column_text]<\/p>\n<ul>\n<li>Gestion des archives d\u00e9finitives<\/li>\n<li>Classement des archives d\u00e9finitives<\/li>\n<li>Analyse des archives d\u00e9finitives<\/li>\n<\/ul>\n<p>[\/vc_column_text][\/vc_column_inner][vc_column_inner width=&#8221;1\/3&#8243;][vc_custom_heading text=&#8221;Tri des archives : l&#8217;\u00e9valuation et l&#8217;\u00e9limination&#8221; font_container=&#8221;tag:h4|text_align:left&#8221; google_fonts=&#8221;font_family:Montserrat%3Aregular%2C700|font_style:700%20bold%20regular%3A700%3Anormal&#8221;][vc_column_text]<\/p>\n<ul>\n<li>Evaluation et \u00e9limination des documents<\/li>\n<li>D\u00e9finitions et objectifs du tri<\/li>\n<li>Crit\u00e8res de tri de conservation<\/li>\n<li>Proc\u00e9dures de gestion des \u00e9liminations<\/li>\n<\/ul>\n<p>[\/vc_column_text][vc_custom_heading text=&#8221;Conservation et restauration des archives&#8221; font_container=&#8221;tag:h4|text_align:left&#8221; google_fonts=&#8221;font_family:Montserrat%3Aregular%2C700|font_style:700%20bold%20regular%3A700%3Anormal&#8221;][vc_column_text]<\/p>\n<ul>\n<li>Conservation<\/li>\n<li>Restauration<\/li>\n<\/ul>\n<p>[\/vc_column_text][\/vc_column_inner][\/vc_row_inner][\/vc_column][\/vc_row][vc_row][vc_column][\/vc_column][\/vc_row]<\/p>\n","protected":false},"excerpt":{"rendered":"<p>[vc_row][vc_column][vc_custom_heading text=&#8221;Objectifs&#8221; google_fonts=&#8221;font_family:Montserrat%3Aregular%2C700|font_style:700%20bold%20regular%3A700%3Anormal&#8221;][vc_column_text] Acqu\u00e9rir les m\u00e9thodes d&#8217;\u00e9laboration du recensement des archives. Acqu\u00e9rir les techniques de tri, de classification, de cotation et de diffusion des archives courantes. Acqu\u00e9rir les techniques d&#8217;\u00e9laboration d&#8217;un calendrier de conservation. Acqu\u00e9rir les techniques de gestion des archives courantes, interm\u00e9diaires et d\u00e9finitives. [\/vc_column_text][vc_custom_heading text=&#8221;Contenu&#8221; google_fonts=&#8221;font_family:Montserrat%3Aregular%2C700|font_style:700%20bold%20regular%3A700%3Anormal&#8221;][vc_row_inner][vc_column_inner width=&#8221;1\/3&#8243;][vc_custom_heading text=&#8221;Terminologie archivistique&#8221; font_container=&#8221;tag:h4|text_align:left&#8221; google_fonts=&#8221;font_family:Montserrat%3Aregular%2C700|font_style:700%20bold%20regular%3A700%3Anormal&#8221;][vc_column_text] D\u00e9finir les [&hellip;]<\/p>\n","protected":false},"author":1,"featured_media":0,"parent":706,"menu_order":0,"comment_status":"closed","ping_status":"closed","template":"","meta":{"footnotes":""},"class_list":["post-760","page","type-page","status-publish","hentry"],"_links":{"self":[{"href":"https:\/\/esi.ac.ma\/en\/wp-json\/wp\/v2\/pages\/760","targetHints":{"allow":["GET"]}}],"collection":[{"href":"https:\/\/esi.ac.ma\/en\/wp-json\/wp\/v2\/pages"}],"about":[{"href":"https:\/\/esi.ac.ma\/en\/wp-json\/wp\/v2\/types\/page"}],"author":[{"embeddable":true,"href":"https:\/\/esi.ac.ma\/en\/wp-json\/wp\/v2\/users\/1"}],"replies":[{"embeddable":true,"href":"https:\/\/esi.ac.ma\/en\/wp-json\/wp\/v2\/comments?post=760"}],"version-history":[{"count":0,"href":"https:\/\/esi.ac.ma\/en\/wp-json\/wp\/v2\/pages\/760\/revisions"}],"up":[{"embeddable":true,"href":"https:\/\/esi.ac.ma\/en\/wp-json\/wp\/v2\/pages\/706"}],"wp:attachment":[{"href":"https:\/\/esi.ac.ma\/en\/wp-json\/wp\/v2\/media?parent=760"}],"curies":[{"name":"wp","href":"https:\/\/api.w.org\/{rel}","templated":true}]}}