{"id":768,"date":"2021-09-08T14:44:25","date_gmt":"2021-09-08T14:44:25","guid":{"rendered":"https:\/\/esi.ac.ma\/formation\/formation-continue\/formation-a-la-carte\/veille-strategique\/"},"modified":"2021-09-08T14:44:25","modified_gmt":"2021-09-08T14:44:25","slug":"veille-strategique","status":"publish","type":"page","link":"https:\/\/esi.ac.ma\/en\/formation\/formation-continue\/veille-strategique\/","title":{"rendered":"Veille strat\u00e9gique"},"content":{"rendered":"<p>[vc_row][vc_column][vc_custom_heading text=&#8221;Objectifs&#8221; google_fonts=&#8221;font_family:Montserrat%3Aregular%2C700|font_style:700%20bold%20regular%3A700%3Anormal&#8221;][vc_column_text]<\/p>\n<ul>\n<li>D\u00e9velopper les connaissances th\u00e9oriques et pratiques n\u00e9cessaires pour la mise en place de l\u2019activit\u00e9 de veille.<\/li>\n<li>Avoir les aptitudes et les attitudes professionnelles pour \u00e9valuer une telle fonction dans une organisation.<\/li>\n<li>Conna\u00eetre les principales cat\u00e9gories d\u2019outils de veille.<\/li>\n<li>Ma\u00eetriser la d\u00e9marche et la m\u00e9thodologie de veille sur Internet.<\/li>\n<li>Elaborer un sourcing efficace pour une collecte d\u2019information automatis\u00e9e.<\/li>\n<\/ul>\n<p>[\/vc_column_text][vc_custom_heading text=&#8221;Contenu&#8221; google_fonts=&#8221;font_family:Montserrat%3Aregular%2C700|font_style:700%20bold%20regular%3A700%3Anormal&#8221;][vc_row_inner][vc_column_inner width=&#8221;1\/3&#8243;][vc_custom_heading text=&#8221;Mise en place des syst\u00e8mes de veille et d&#8217;intelligence comp\u00e9titive&#8221; font_container=&#8221;tag:h4|text_align:left&#8221; google_fonts=&#8221;font_family:Montserrat%3Aregular%2C700|font_style:700%20bold%20regular%3A700%3Anormal&#8221;][vc_column_text]<\/p>\n<ul>\n<li>Dispositif de veille<\/li>\n<li>Mise en \u0153uvre d\u2019un dispositif de veille strat\u00e9gique<\/li>\n<\/ul>\n<p>[\/vc_column_text][\/vc_column_inner][vc_column_inner width=&#8221;1\/3&#8243;][vc_custom_heading text=&#8221;Audit des syst\u00e8mes de veille et d\u2019intelligence comp\u00e9titive&#8221; font_container=&#8221;tag:h4|text_align:left&#8221; google_fonts=&#8221;font_family:Montserrat%3Aregular%2C700|font_style:700%20bold%20regular%3A700%3Anormal&#8221;][vc_column_text]<\/p>\n<ul>\n<li>Qu\u2019est-ce que l\u2019audit informationnel ?<\/li>\n<li>Cadre juridique et l\u00e9gal des audits<\/li>\n<li>Diagnostic du management de l\u2019information dans une organisation<\/li>\n<li>M\u00e9thodologie et \u00e9tapes du processus d\u2019audit<\/li>\n<li>Analyse du syst\u00e8me de veille<\/li>\n<\/ul>\n<p>[\/vc_column_text][\/vc_column_inner][vc_column_inner width=&#8221;1\/3&#8243;][vc_custom_heading text=&#8221;Outils et sources de veille et d\u2019intelligence comp\u00e9titive&#8221; font_container=&#8221;tag:h4|text_align:left&#8221; google_fonts=&#8221;font_family:Montserrat%3Aregular%2C700|font_style:700%20bold%20regular%3A700%3Anormal&#8221;][vc_column_text]<\/p>\n<ul>\n<li>Panorama des outils de veille<\/li>\n<li>D\u00e9marche et m\u00e9thodologie de veille sur internet<\/li>\n<li>Monitoring et automatisation de la surveillance des sources d\u2019information sur le web<\/li>\n<li>Gestion de l\u2019e-r\u00e9putation sur internet<\/li>\n<li>Plateformes de veille<\/li>\n<\/ul>\n<p>[\/vc_column_text][\/vc_column_inner][\/vc_row_inner][\/vc_column][\/vc_row][vc_row][vc_column][\/vc_column][\/vc_row]<\/p>\n","protected":false},"excerpt":{"rendered":"<p>[vc_row][vc_column][vc_custom_heading text=&#8221;Objectifs&#8221; google_fonts=&#8221;font_family:Montserrat%3Aregular%2C700|font_style:700%20bold%20regular%3A700%3Anormal&#8221;][vc_column_text] D\u00e9velopper les connaissances th\u00e9oriques et pratiques n\u00e9cessaires pour la mise en place de l\u2019activit\u00e9 de veille. Avoir les aptitudes et les attitudes professionnelles pour \u00e9valuer une telle fonction dans une organisation. Conna\u00eetre les principales cat\u00e9gories d\u2019outils de veille. Ma\u00eetriser la d\u00e9marche et la m\u00e9thodologie de veille sur Internet. Elaborer un sourcing efficace [&hellip;]<\/p>\n","protected":false},"author":1,"featured_media":0,"parent":706,"menu_order":0,"comment_status":"closed","ping_status":"closed","template":"","meta":{"footnotes":""},"class_list":["post-768","page","type-page","status-publish","hentry"],"_links":{"self":[{"href":"https:\/\/esi.ac.ma\/en\/wp-json\/wp\/v2\/pages\/768","targetHints":{"allow":["GET"]}}],"collection":[{"href":"https:\/\/esi.ac.ma\/en\/wp-json\/wp\/v2\/pages"}],"about":[{"href":"https:\/\/esi.ac.ma\/en\/wp-json\/wp\/v2\/types\/page"}],"author":[{"embeddable":true,"href":"https:\/\/esi.ac.ma\/en\/wp-json\/wp\/v2\/users\/1"}],"replies":[{"embeddable":true,"href":"https:\/\/esi.ac.ma\/en\/wp-json\/wp\/v2\/comments?post=768"}],"version-history":[{"count":0,"href":"https:\/\/esi.ac.ma\/en\/wp-json\/wp\/v2\/pages\/768\/revisions"}],"up":[{"embeddable":true,"href":"https:\/\/esi.ac.ma\/en\/wp-json\/wp\/v2\/pages\/706"}],"wp:attachment":[{"href":"https:\/\/esi.ac.ma\/en\/wp-json\/wp\/v2\/media?parent=768"}],"curies":[{"name":"wp","href":"https:\/\/api.w.org\/{rel}","templated":true}]}}