{"id":774,"date":"2021-09-08T14:43:15","date_gmt":"2021-09-08T14:43:15","guid":{"rendered":"https:\/\/esi.ac.ma\/formation\/formation-continue\/formation-a-la-carte\/xml-et-documents-structures\/"},"modified":"2021-09-08T14:43:15","modified_gmt":"2021-09-08T14:43:15","slug":"xml-et-documents-structures","status":"publish","type":"page","link":"https:\/\/esi.ac.ma\/en\/formation\/formation-continue\/xml-et-documents-structures\/","title":{"rendered":"XML et documents structur\u00e9s"},"content":{"rendered":"<p>[vc_row][vc_column][vc_custom_heading text=&#8221;Objectifs&#8221; google_fonts=&#8221;font_family:Montserrat%3Aregular%2C700|font_style:700%20bold%20regular%3A700%3Anormal&#8221;][vc_column_text]<\/p>\n<ul>\n<li>D\u00e9crire la structure d&#8217;un document XML bien form\u00e9.<\/li>\n<li>Proposer et manipuler une DTD pour mod\u00e9liser des classes de documents.<\/li>\n<li>Valider et appliquer des r\u00e8gles m\u00e9tier \u00e0 l&#8217;aide de sch\u00e9mas XM.<\/li>\n<li>Utiliser des feuilles de style CSS et XSLT pour la mise en forme des documents XML et leur publication sur le Web.<\/li>\n<li>Bien comprendre les expressions de chemins XPath.<\/li>\n<li>Utiliser des outils de recherche dans les documents XM, tels que XQuery.<\/li>\n<li>S\u00e9lectionner des outils en fonction de besoins sp\u00e9cifiques et exploiter XML et ses diverses applications dans des projets professionnels.<\/li>\n<\/ul>\n<p>[\/vc_column_text][vc_custom_heading text=&#8221;Contenu&#8221; google_fonts=&#8221;font_family:Montserrat%3Aregular%2C700|font_style:700%20bold%20regular%3A700%3Anormal&#8221;][vc_row_inner][vc_column_inner width=&#8221;1\/3&#8243;][vc_custom_heading text=&#8221;Introduction&#8221; font_container=&#8221;tag:h4|text_align:left&#8221; google_fonts=&#8221;font_family:Montserrat%3Aregular%2C700|font_style:700%20bold%20regular%3A700%3Anormal&#8221;][vc_column_text]<\/p>\n<ul>\n<li>Langages de balisage : SGML, HTML et XML<\/li>\n<li>S\u00e9paration du contenu et de la pr\u00e9sentation<\/li>\n<li>Pourquoi des documents structur\u00e9s<\/li>\n<li>XML : un format standard de documents num\u00e9riques<\/li>\n<li>XML et les donn\u00e9es relationnelles<\/li>\n<li>XML et les mod\u00e8les objet<\/li>\n<li>Besoin de validation<\/li>\n<li>Transformations XML<\/li>\n<\/ul>\n<p>[\/vc_column_text][\/vc_column_inner][vc_column_inner width=&#8221;1\/3&#8243;][vc_custom_heading text=&#8221;Grammaire XML&#8221; font_container=&#8221;tag:h4|text_align:left&#8221; google_fonts=&#8221;font_family:Montserrat%3Aregular%2C700|font_style:700%20bold%20regular%3A700%3Anormal&#8221;][vc_column_text]<\/p>\n<ul>\n<li>Structure d\u2019un document XML<\/li>\n<li>Traitement des espaces<\/li>\n<li>Document XML bien form\u00e9<\/li>\n<li>Document XML valide<\/li>\n<li>El\u00e9ments et Attributs<\/li>\n<li>Entit\u00e9s caract\u00e8res, g\u00e9n\u00e9rales et param\u00e8tres<\/li>\n<li>Instructions de traitement, commentaires et sections CDATA<\/li>\n<\/ul>\n<p>[\/vc_column_text][\/vc_column_inner][vc_column_inner width=&#8221;1\/3&#8243;][vc_custom_heading text=&#8221;DTD et sch\u00e9ma XML&#8221; font_container=&#8221;tag:h4|text_align:left&#8221; google_fonts=&#8221;font_family:Montserrat%3Aregular%2C700|font_style:700%20bold%20regular%3A700%3Anormal&#8221;][vc_column_text]<\/p>\n<ul>\n<li>Document Types<\/li>\n<li>Sous-ensembles Internes et Externes<\/li>\n<li>DTD PUBLIC et SYSTEM<\/li>\n<li>Structure DTD : \u00c9l\u00e9ments, Attributs, Entit\u00e9s<\/li>\n<li>Sch\u00e9ma XML<\/li>\n<li>Namespaces XML<\/li>\n<\/ul>\n<p>[\/vc_column_text][vc_custom_heading text=&#8221;XML : affichage, transformations et recherche&#8221; font_container=&#8221;tag:h4|text_align:left&#8221; google_fonts=&#8221;font_family:Montserrat%3Aregular%2C700|font_style:700%20bold%20regular%3A700%3Anormal&#8221;][vc_column_text]<\/p>\n<ul>\n<li>CSS et XSLT<\/li>\n<li>XSLT : Formats de sortie<\/li>\n<li>Expressions de chemin XPath<\/li>\n<li>Structure d\u2019une feuille de style XSLT<\/li>\n<li>XQuery : langage de requ\u00eate dans des documents XML<\/li>\n<li>Contenu dynamique<\/li>\n<\/ul>\n<p>[\/vc_column_text][\/vc_column_inner][\/vc_row_inner][\/vc_column][\/vc_row][vc_row][vc_column][\/vc_column][\/vc_row]<\/p>\n","protected":false},"excerpt":{"rendered":"<p>[vc_row][vc_column][vc_custom_heading text=&#8221;Objectifs&#8221; google_fonts=&#8221;font_family:Montserrat%3Aregular%2C700|font_style:700%20bold%20regular%3A700%3Anormal&#8221;][vc_column_text] D\u00e9crire la structure d&#8217;un document XML bien form\u00e9. Proposer et manipuler une DTD pour mod\u00e9liser des classes de documents. Valider et appliquer des r\u00e8gles m\u00e9tier \u00e0 l&#8217;aide de sch\u00e9mas XM. Utiliser des feuilles de style CSS et XSLT pour la mise en forme des documents XML et leur publication sur le Web. [&hellip;]<\/p>\n","protected":false},"author":1,"featured_media":0,"parent":706,"menu_order":0,"comment_status":"closed","ping_status":"closed","template":"","meta":{"footnotes":""},"class_list":["post-774","page","type-page","status-publish","hentry"],"_links":{"self":[{"href":"https:\/\/esi.ac.ma\/en\/wp-json\/wp\/v2\/pages\/774","targetHints":{"allow":["GET"]}}],"collection":[{"href":"https:\/\/esi.ac.ma\/en\/wp-json\/wp\/v2\/pages"}],"about":[{"href":"https:\/\/esi.ac.ma\/en\/wp-json\/wp\/v2\/types\/page"}],"author":[{"embeddable":true,"href":"https:\/\/esi.ac.ma\/en\/wp-json\/wp\/v2\/users\/1"}],"replies":[{"embeddable":true,"href":"https:\/\/esi.ac.ma\/en\/wp-json\/wp\/v2\/comments?post=774"}],"version-history":[{"count":0,"href":"https:\/\/esi.ac.ma\/en\/wp-json\/wp\/v2\/pages\/774\/revisions"}],"up":[{"embeddable":true,"href":"https:\/\/esi.ac.ma\/en\/wp-json\/wp\/v2\/pages\/706"}],"wp:attachment":[{"href":"https:\/\/esi.ac.ma\/en\/wp-json\/wp\/v2\/media?parent=774"}],"curies":[{"name":"wp","href":"https:\/\/api.w.org\/{rel}","templated":true}]}}