{"id":776,"date":"2021-09-13T14:09:02","date_gmt":"2021-09-13T13:09:02","guid":{"rendered":"https:\/\/esi.ac.ma\/formation\/formation-continue\/formation-qualifiante-certificat\/"},"modified":"2025-03-20T12:52:35","modified_gmt":"2025-03-20T11:52:35","slug":"formation-qualifiante","status":"publish","type":"page","link":"https:\/\/esi.ac.ma\/en\/formation\/formation-continue\/formation-qualifiante\/","title":{"rendered":"Formation qualifiante"},"content":{"rendered":"<p>[vc_row full_width=&#8221;stretch_row&#8221;][vc_column][vc_row_inner][vc_column_inner width=&#8221;1\/3&#8243;][vc_single_image image=&#8221;478&#8243;][vc_custom_heading text=&#8221;Programme &#8220;BOOSTER IT SERIES&#8220;&#8221; font_container=&#8221;tag:h4|text_align:left&#8221; google_fonts=&#8221;font_family:Montserrat%3Aregular%2C700|font_style:700%20bold%20regular%3A700%3Anormal&#8221;][vc_column_text]Ma\u00eetrisez les comp\u00e9tences cl\u00e9s pour exceller dans un monde digital&#8230;[\/vc_column_text][vc_btn title=&#8221;Lire la suite&#8221; style=&#8221;custom&#8221; custom_background=&#8221;rgba(255,255,255,0.01)&#8221; custom_text=&#8221;#252525&#8243; size=&#8221;xs&#8221; align=&#8221;left&#8221; i_align=&#8221;right&#8221; i_icon_fontawesome=&#8221;fas fa-long-arrow-alt-right&#8221; add_icon=&#8221;true&#8221; el_class=&#8221;button-sections button-blue&#8221; css=&#8221;.vc_custom_1742471546503{margin-top: 15px !important;}&#8221; link=&#8221;url:%2Fformation%2Fformation-continue%2Fformation-qualifiante%2Fprogramme-booster-it-series%2F|title:Programme%20%22Booster%20IT%20Series%22&#8243;][\/vc_column_inner][vc_column_inner width=&#8221;1\/3&#8243;][vc_single_image image=&#8221;478&#8243;][vc_custom_heading text=&#8221;ESI for Life-Long Learning&#8221; font_container=&#8221;tag:h4|text_align:left&#8221; google_fonts=&#8221;font_family:Montserrat%3Aregular%2C700|font_style:700%20bold%20regular%3A700%3Anormal&#8221;][vc_column_text]Plateforme d&#8217;enseignement \u00e0 distance pour la formation tout au long de la vie&#8230;[\/vc_column_text][vc_btn title=&#8221;Lire la suite&#8221; style=&#8221;custom&#8221; custom_background=&#8221;rgba(255,255,255,0.01)&#8221; custom_text=&#8221;#252525&#8243; size=&#8221;xs&#8221; align=&#8221;left&#8221; i_align=&#8221;right&#8221; i_icon_fontawesome=&#8221;fas fa-long-arrow-alt-right&#8221; add_icon=&#8221;true&#8221; el_class=&#8221;button-sections button-blue&#8221; css=&#8221;.vc_custom_1740587962953{margin-top: 15px !important;}&#8221; link=&#8221;url:https%3A%2F%2Flearn.esi.ac.ma%2F|title:ESI%20for%20Life-Long%20Learning|target:_blank&#8221;][\/vc_column_inner][vc_column_inner width=&#8221;1\/3&#8243;][vc_single_image image=&#8221;478&#8243;][vc_custom_heading text=&#8221;&#8230;&#8221; font_container=&#8221;tag:h4|text_align:left&#8221; google_fonts=&#8221;font_family:Montserrat%3Aregular%2C700|font_style:700%20bold%20regular%3A700%3Anormal&#8221;][\/vc_column_inner][\/vc_row_inner][\/vc_column][\/vc_row]<\/p>\n","protected":false},"excerpt":{"rendered":"<p>[vc_row full_width=&#8221;stretch_row&#8221;][vc_column][vc_row_inner][vc_column_inner width=&#8221;1\/3&#8243;][vc_single_image image=&#8221;478&#8243;][vc_custom_heading text=&#8221;Programme &#8220;BOOSTER IT SERIES&#8220;&#8221; font_container=&#8221;tag:h4|text_align:left&#8221; google_fonts=&#8221;font_family:Montserrat%3Aregular%2C700|font_style:700%20bold%20regular%3A700%3Anormal&#8221;][vc_column_text]Ma\u00eetrisez les comp\u00e9tences cl\u00e9s pour exceller dans un monde digital&#8230;[\/vc_column_text][vc_btn title=&#8221;Lire la suite&#8221; style=&#8221;custom&#8221; custom_background=&#8221;rgba(255,255,255,0.01)&#8221; custom_text=&#8221;#252525&#8243; size=&#8221;xs&#8221; align=&#8221;left&#8221; i_align=&#8221;right&#8221; i_icon_fontawesome=&#8221;fas fa-long-arrow-alt-right&#8221; add_icon=&#8221;true&#8221; el_class=&#8221;button-sections button-blue&#8221; css=&#8221;.vc_custom_1742471546503{margin-top: 15px !important;}&#8221; link=&#8221;url:%2Fformation%2Fformation-continue%2Fformation-qualifiante%2Fprogramme-booster-it-series%2F|title:Programme%20%22Booster%20IT%20Series%22&#8243;][\/vc_column_inner][vc_column_inner width=&#8221;1\/3&#8243;][vc_single_image image=&#8221;478&#8243;][vc_custom_heading text=&#8221;ESI for Life-Long Learning&#8221; font_container=&#8221;tag:h4|text_align:left&#8221; google_fonts=&#8221;font_family:Montserrat%3Aregular%2C700|font_style:700%20bold%20regular%3A700%3Anormal&#8221;][vc_column_text]Plateforme d&#8217;enseignement \u00e0 distance pour la formation tout au long de [&hellip;]<\/p>\n","protected":false},"author":1,"featured_media":0,"parent":706,"menu_order":0,"comment_status":"closed","ping_status":"closed","template":"","meta":{"footnotes":""},"class_list":["post-776","page","type-page","status-publish","hentry"],"_links":{"self":[{"href":"https:\/\/esi.ac.ma\/en\/wp-json\/wp\/v2\/pages\/776","targetHints":{"allow":["GET"]}}],"collection":[{"href":"https:\/\/esi.ac.ma\/en\/wp-json\/wp\/v2\/pages"}],"about":[{"href":"https:\/\/esi.ac.ma\/en\/wp-json\/wp\/v2\/types\/page"}],"author":[{"embeddable":true,"href":"https:\/\/esi.ac.ma\/en\/wp-json\/wp\/v2\/users\/1"}],"replies":[{"embeddable":true,"href":"https:\/\/esi.ac.ma\/en\/wp-json\/wp\/v2\/comments?post=776"}],"version-history":[{"count":12,"href":"https:\/\/esi.ac.ma\/en\/wp-json\/wp\/v2\/pages\/776\/revisions"}],"predecessor-version":[{"id":7122,"href":"https:\/\/esi.ac.ma\/en\/wp-json\/wp\/v2\/pages\/776\/revisions\/7122"}],"up":[{"embeddable":true,"href":"https:\/\/esi.ac.ma\/en\/wp-json\/wp\/v2\/pages\/706"}],"wp:attachment":[{"href":"https:\/\/esi.ac.ma\/en\/wp-json\/wp\/v2\/media?parent=776"}],"curies":[{"name":"wp","href":"https:\/\/api.w.org\/{rel}","templated":true}]}}