{"id":786,"date":"2021-07-28T21:19:22","date_gmt":"2021-07-28T21:19:22","guid":{"rendered":"https:\/\/esi.ac.ma\/formation\/formation-doctorale\/information-documentation-connaissances-et-societe\/"},"modified":"2025-09-15T14:36:02","modified_gmt":"2025-09-15T13:36:02","slug":"information-documentation-connaissances-et-societe","status":"publish","type":"page","link":"https:\/\/esi.ac.ma\/en\/formation-initiale\/formation-doctorale\/information-documentation-connaissances-et-societe\/","title":{"rendered":"Information, documentation, connaissances et soci\u00e9t\u00e9"},"content":{"rendered":"<p>[vc_row][vc_column][vc_custom_heading text=&#8221;Cycle Doctorat&#8221;][vc_column_text css_animation=&#8221;fadeInUp&#8221; css=&#8221;.vc_custom_1627507253093{margin-bottom: 30px !important;}&#8221;]La formation doctorale <span style=\"color: #ff6600;\"><em>Information, documentation, connaissances et soci\u00e9t\u00e9<\/em><\/span><em>\u00a0 <\/em>a pour objectif principal de former des chercheurs dans le champ des sciences de l\u2019information sur des th\u00e9matiques innovantes d\u2019information et de connaissance avec des enjeux soci\u00e9taux consid\u00e9rables.<\/p>\n<p>A travers cette formation doctorale, L\u2019Ecole des sciences de l\u2019information (ESI) vise une meilleure exploitation des nouvelles \u00e9volutions technologiques et soci\u00e9tales qui ont affect\u00e9 l\u2019usage de l\u2019information et le traitement des documents.<\/p>\n<p>Cette formation doctorale vise \u00e0\u00a0:<\/p>\n<ul>\n<li>Mieux se positionner dans l\u2019environnement de la recherche scientifique sur le plan national et international : produire et diffuser des travaux de recherche dans des revues scientifiques nationales et internationales ;<\/li>\n<li>Contribuer \u00e0 la mise en place d\u2019une recherche th\u00e9orique et appliqu\u00e9e dans les divers domaines des sciences de l\u2019information et de la communication ;<\/li>\n<li>Approcher et comprendre les nouvelles probl\u00e9matiques issues de la transformation de la soci\u00e9t\u00e9 et des organisations \u00e0 l\u2019aune du num\u00e9rique ;<\/li>\n<li>Accompagner sur le plan de la recherche scientifique les programmes, chantiers et projets structurant du d\u00e9veloppement socio-\u00e9conomique, technologique et culturel.<\/li>\n<\/ul>\n<p>[\/vc_column_text][vc_custom_heading text=&#8221;Condition d&#8217;acc\u00e8s&#8221; font_container=&#8221;tag:h2|font_size:23px|text_align:left|color:%23252525|line_height:23px&#8221; google_fonts=&#8221;font_family:Montserrat%3Aregular%2C700|font_style:700%20bold%20regular%3A700%3Anormal&#8221; css_animation=&#8221;fadeInUp&#8221;][vc_column_text css_animation=&#8221;fadeInUp&#8221; css=&#8221;.vc_custom_1627507992762{margin-bottom: 30px !important;}&#8221;]Les\u00a0conditions d&#8217;acc\u00e8s\u00a0\u00e0 la formation doctorale de l\u2019ESI sont les suivantes\u00a0:[\/vc_column_text][vc_custom_heading text=&#8221;Dipl\u00f4mes requis&#8221; font_container=&#8221;tag:h4|text_align:left|color:%231b77b6&#8243; google_fonts=&#8221;font_family:Montserrat%3Aregular%2C700|font_style:400%20regular%3A400%3Anormal&#8221; css_animation=&#8221;fadeInUp&#8221;][vc_column_text css_animation=&#8221;fadeInUp&#8221; css=&#8221;.vc_custom_1627508034513{margin-bottom: 30px !important;}&#8221;]<\/p>\n<ul>\n<li>Dipl\u00f4me d\u2019Informatiste Sp\u00e9cialis\u00e9<\/li>\n<li>Dipl\u00f4me de DESA<\/li>\n<li>Dipl\u00f4me de Master<\/li>\n<li>Dipl\u00f4me d\u2019Ing\u00e9nieur D\u2019Etat ou dipl\u00f4me reconnu \u00e9quivalent<\/li>\n<\/ul>\n<p>[\/vc_column_text][vc_custom_heading text=&#8221;Pr\u00e9-requis scientifiques et p\u00e9dagogiques&#8221; font_container=&#8221;tag:h4|text_align:left|color:%231b77b6&#8243; google_fonts=&#8221;font_family:Montserrat%3Aregular%2C700|font_style:400%20regular%3A400%3Anormal&#8221; css_animation=&#8221;fadeInUp&#8221;][vc_column_text css_animation=&#8221;fadeInUp&#8221; css=&#8221;.vc_custom_1627508055070{margin-bottom: 30px !important;}&#8221;]<\/p>\n<ul>\n<li>Ma\u00eetrise\u00a0de la\u00a0langue\u00a0fran\u00e7aise\u00a0et\u00a0connaissance\u00a0de la\u00a0langue\u00a0anglaise<\/li>\n<li>Ma\u00eetrise des bases en informatiques<\/li>\n<\/ul>\n<p>[\/vc_column_text][vc_custom_heading text=&#8221;Programme de la formation&#8221; font_container=&#8221;tag:h2|font_size:23px|text_align:left|color:%23252525|line_height:23px&#8221; google_fonts=&#8221;font_family:Montserrat%3Aregular%2C700|font_style:700%20bold%20regular%3A700%3Anormal&#8221; css_animation=&#8221;fadeInUp&#8221;][vc_custom_heading text=&#8221;Modules transversaux&#8221; font_container=&#8221;tag:h4|text_align:left|color:%231b77b6&#8243; google_fonts=&#8221;font_family:Montserrat%3Aregular%2C700|font_style:400%20regular%3A400%3Anormal&#8221; css_animation=&#8221;fadeInUp&#8221;][vc_row_inner equal_height=&#8221;yes&#8221;][vc_column_inner width=&#8221;1\/2&#8243;][vc_custom_heading text=&#8221;En premi\u00e8re ann\u00e9e&#8221; font_container=&#8221;tag:h5|text_align:left|color:%23dd9933&#8243; google_fonts=&#8221;font_family:Montserrat%3Aregular%2C700|font_style:400%20regular%3A400%3Anormal&#8221; css_animation=&#8221;fadeInUp&#8221;][vc_column_text]<\/p>\n<ul>\n<li>\u00c9thique de la recherche et int\u00e9grit\u00e9 scientifique<\/li>\n<li>M\u00e9thodologie de recherche<\/li>\n<li>Critical reading<\/li>\n<li>Recherche de l\u2019information scientifique et technique<\/li>\n<li>Initiation \u00e0 la R\u00e9daction en Latex<\/li>\n<\/ul>\n<p>[\/vc_column_text][\/vc_column_inner][vc_column_inner width=&#8221;1\/2&#8243;][vc_custom_heading text=&#8221;En deuxi\u00e8me ann\u00e9e&#8221; font_container=&#8221;tag:h5|text_align:left|color:%23dd9933&#8243; google_fonts=&#8221;font_family:Montserrat%3Aregular%2C700|font_style:400%20regular%3A400%3Anormal&#8221; css_animation=&#8221;fadeInUp&#8221;][vc_column_text]<\/p>\n<ul>\n<li>Culture entrepreneuriale<\/li>\n<li>Droit de l\u2019information<\/li>\n<li>Open access \u00e0 l\u2019information scientifique et technique<\/li>\n<li>P\u00e9dagogie universitaire<\/li>\n<li>Communication et publication scientifique<\/li>\n<li>S\u00e9minaire Innovation et d\u00e9p\u00f4t de brevet<\/li>\n<\/ul>\n<p>[\/vc_column_text][\/vc_column_inner][\/vc_row_inner][vc_custom_heading text=&#8221;Modules de sp\u00e9cialit\u00e9&#8221; font_container=&#8221;tag:h4|text_align:left|color:%231b77b6&#8243; google_fonts=&#8221;font_family:Montserrat%3Aregular%2C700|font_style:400%20regular%3A400%3Anormal&#8221; css_animation=&#8221;fadeInUp&#8221;][vc_column_text]Il s\u2019agit d\u2019une formation sp\u00e9cifique \u00e0\u00a0chaque\u00a0doctorant\u00a0selon\u00a0la nature et les\u00a0pr\u00e9requis de son sujet de recherche. Le choix du\/des modules se fait par le doctorant en concertation avec son directeur de th\u00e8se et en fonction des comp\u00e9tences compl\u00e9mentaires utiles au doctorant et des domaines scientifiques susceptibles de l\u2019aider \u00e0 avancer dans son travail de recherche. Cette formation donne lieu \u00e0 des attestations de pr\u00e9sence. Elle a un volume horaire de 100h. La comptabilisation de ces 100h peut se faire sous forme de\u00a0:<\/p>\n<ul>\n<li>Participation aux S\u00e9minaires, conf\u00e9rences, \u00e9coles th\u00e9matiques, cours \u00e0 option, journ\u00e9es doctorales,<\/li>\n<li>Participation \u00e0 l&#8217;organisation de manifestations scientifiques, culturelles \u2026<\/li>\n<\/ul>\n<p>[\/vc_column_text][\/vc_column][\/vc_row]<\/p>\n","protected":false},"excerpt":{"rendered":"<p>[vc_row][vc_column][vc_custom_heading text=&#8221;Cycle Doctorat&#8221;][vc_column_text css_animation=&#8221;fadeInUp&#8221; css=&#8221;.vc_custom_1627507253093{margin-bottom: 30px !important;}&#8221;]La formation doctorale Information, documentation, connaissances et soci\u00e9t\u00e9\u00a0 a pour objectif principal de former des chercheurs dans le champ des sciences de l\u2019information sur des th\u00e9matiques innovantes d\u2019information et de connaissance avec des enjeux soci\u00e9taux consid\u00e9rables. A travers cette formation doctorale, L\u2019Ecole des sciences de l\u2019information (ESI) vise une [&hellip;]<\/p>\n","protected":false},"author":1,"featured_media":0,"parent":784,"menu_order":0,"comment_status":"closed","ping_status":"closed","template":"","meta":{"footnotes":""},"class_list":["post-786","page","type-page","status-publish","hentry"],"_links":{"self":[{"href":"https:\/\/esi.ac.ma\/en\/wp-json\/wp\/v2\/pages\/786","targetHints":{"allow":["GET"]}}],"collection":[{"href":"https:\/\/esi.ac.ma\/en\/wp-json\/wp\/v2\/pages"}],"about":[{"href":"https:\/\/esi.ac.ma\/en\/wp-json\/wp\/v2\/types\/page"}],"author":[{"embeddable":true,"href":"https:\/\/esi.ac.ma\/en\/wp-json\/wp\/v2\/users\/1"}],"replies":[{"embeddable":true,"href":"https:\/\/esi.ac.ma\/en\/wp-json\/wp\/v2\/comments?post=786"}],"version-history":[{"count":11,"href":"https:\/\/esi.ac.ma\/en\/wp-json\/wp\/v2\/pages\/786\/revisions"}],"predecessor-version":[{"id":7778,"href":"https:\/\/esi.ac.ma\/en\/wp-json\/wp\/v2\/pages\/786\/revisions\/7778"}],"up":[{"embeddable":true,"href":"https:\/\/esi.ac.ma\/en\/wp-json\/wp\/v2\/pages\/784"}],"wp:attachment":[{"href":"https:\/\/esi.ac.ma\/en\/wp-json\/wp\/v2\/media?parent=786"}],"curies":[{"name":"wp","href":"https:\/\/api.w.org\/{rel}","templated":true}]}}