{"id":788,"date":"2021-07-28T21:19:27","date_gmt":"2021-07-28T21:19:27","guid":{"rendered":"https:\/\/esi.ac.ma\/formation\/formation-doctorale\/informatique-et-sciences-des-donnees-et-de-linformation\/"},"modified":"2025-09-15T14:33:34","modified_gmt":"2025-09-15T13:33:34","slug":"informatique-et-sciences-des-donnees-et-de-linformation","status":"publish","type":"page","link":"https:\/\/esi.ac.ma\/en\/formation-initiale\/formation-doctorale\/informatique-et-sciences-des-donnees-et-de-linformation\/","title":{"rendered":"Informatique et Sciences des Donn\u00e9es et de l\u2019Information"},"content":{"rendered":"<p>[vc_row][vc_column][vc_custom_heading text=&#8221;Cycle Doctorat&#8221;][vc_column_text css_animation=&#8221;fadeInUp&#8221; css=&#8221;.vc_custom_1627508183701{margin-bottom: 30px !important;}&#8221;]La science des donn\u00e9es est un domaine d&#8217;\u00e9tude interdisciplinaire qui utilise des processus, des approches, des m\u00e9thodes, des syst\u00e8mes et des algorithmes complexes pour extraire les connaissances et les informations n\u00e9cessaires \u00e0 partir de donn\u00e9es structur\u00e9es et non structur\u00e9es.<\/p>\n<p>Dans des domaines tels que la sant\u00e9, l&#8217;\u00e9ducation, la finance, la s\u00e9curit\u00e9 et l&#8217;\u00e9nergie, l&#8217;application de la science des donn\u00e9es a cr\u00e9\u00e9 de nombreuses possibilit\u00e9s d&#8217;innovation et d&#8217;am\u00e9lioration.<\/p>\n<p>Afin de r\u00e9pondre \u00e0 ces besoins, de nouvelles th\u00e9matiques de recherche centr\u00e9es sur l\u2019informatique et les sciences des donn\u00e9es et de l\u2019information ont vu le jour. Ces th\u00e9matiques s\u2019inscrivent sous le th\u00e8me global de l\u2019intelligence artificielle et incluent les Big Data, Cloud Computing, Machine Learning, Deep Learning, etc.<\/p>\n<p>Afin d\u2019accompagner ce progr\u00e8s, L\u2019Ecole des sciences de l\u2019information (ESI) lance cette formation doctorale qui vise une meilleure exploitation de l\u2019informatique et de l\u2019intelligence artificielle.<\/p>\n<p>La formation doctorale <em>\u00a0Informatique et Science des donn\u00e9es et de l\u2019Information <\/em>vise \u00e0\u00a0:<\/p>\n<ul>\n<li>Assurer une veille scientifique et technique sur des domaines d\u2019int\u00e9r\u00eats\u00a0;<\/li>\n<li>Contribuer \u00e0 la mise en place d\u2019une recherche appliqu\u00e9e dans les domaines de l\u2019informatique et des sciences des donn\u00e9es et de l\u2019information\u00a0;<\/li>\n<li>Capitaliser et valoriser les r\u00e9sultats de recherche \u00e0 travers la participation \u00e0 des conf\u00e9rences nationales et internationales et des publications scientifiques dans des revues index\u00e9es\u00a0;<\/li>\n<li>Contribuer \u00e0 l&#8217;am\u00e9lioration de la qualit\u00e9 de l&#8217;enseignement sup\u00e9rieur et de la Recherche &amp; D\u00e9veloppement\u00a0;<\/li>\n<li>Contribuer au rayonnement de l\u2019\u00c9cole des Sciences de l\u2019Information en tant qu\u2019\u00e9cole d\u2019ing\u00e9nieur formant des ing\u00e9nieurs et des chercheurs des donn\u00e9es et de la connaissance.<\/li>\n<\/ul>\n<p>[\/vc_column_text][vc_custom_heading text=&#8221;Condition d&#8217;acc\u00e8s&#8221; font_container=&#8221;tag:h2|font_size:23px|text_align:left|color:%23252525|line_height:23px&#8221; google_fonts=&#8221;font_family:Montserrat%3Aregular%2C700|font_style:700%20bold%20regular%3A700%3Anormal&#8221; css_animation=&#8221;fadeInUp&#8221;][vc_column_text css_animation=&#8221;fadeInUp&#8221; css=&#8221;.vc_custom_1627508197995{margin-bottom: 30px !important;}&#8221;]Les\u00a0conditions d&#8217;acc\u00e8s\u00a0\u00e0 la formation doctorale de l\u2019ESI sont les suivantes\u00a0:[\/vc_column_text][vc_custom_heading text=&#8221;Dipl\u00f4mes requis&#8221; font_container=&#8221;tag:h4|text_align:left|color:%231b77b6&#8243; google_fonts=&#8221;font_family:Montserrat%3Aregular%2C700|font_style:400%20regular%3A400%3Anormal&#8221; css_animation=&#8221;fadeInUp&#8221;][vc_column_text css_animation=&#8221;fadeInUp&#8221; css=&#8221;.vc_custom_1627508212535{margin-bottom: 30px !important;}&#8221;]<\/p>\n<ul>\n<li>Dipl\u00f4me d\u2019Informatiste Sp\u00e9cialis\u00e9<\/li>\n<li>Dipl\u00f4me de DESA<\/li>\n<li>Dipl\u00f4me de Master<\/li>\n<li>Dipl\u00f4me d\u2019Ing\u00e9nieur D\u2019Etat ou dipl\u00f4me reconnu \u00e9quivalent<\/li>\n<\/ul>\n<p>[\/vc_column_text][vc_custom_heading text=&#8221;Pr\u00e9-requis scientifiques et p\u00e9dagogiques&#8221; font_container=&#8221;tag:h4|text_align:left|color:%231b77b6&#8243; google_fonts=&#8221;font_family:Montserrat%3Aregular%2C700|font_style:400%20regular%3A400%3Anormal&#8221; css_animation=&#8221;fadeInUp&#8221;][vc_column_text css_animation=&#8221;fadeInUp&#8221; css=&#8221;.vc_custom_1627508230171{margin-bottom: 30px !important;}&#8221;]<\/p>\n<ul>\n<li>Ma\u00eetrise\u00a0de la\u00a0langue\u00a0fran\u00e7aise\u00a0et\u00a0connaissance\u00a0de la\u00a0langue\u00a0anglaise<\/li>\n<li>Ma\u00eetrise des bases en informatiques<\/li>\n<\/ul>\n<p>[\/vc_column_text][vc_custom_heading text=&#8221;Programme de la formation&#8221; font_container=&#8221;tag:h2|font_size:23px|text_align:left|color:%23252525|line_height:23px&#8221; google_fonts=&#8221;font_family:Montserrat%3Aregular%2C700|font_style:700%20bold%20regular%3A700%3Anormal&#8221; css_animation=&#8221;fadeInUp&#8221;][vc_custom_heading text=&#8221;Modules transversaux&#8221; font_container=&#8221;tag:h4|text_align:left|color:%231b77b6&#8243; google_fonts=&#8221;font_family:Montserrat%3Aregular%2C700|font_style:400%20regular%3A400%3Anormal&#8221; css_animation=&#8221;fadeInUp&#8221;][vc_row_inner equal_height=&#8221;yes&#8221;][vc_column_inner width=&#8221;1\/2&#8243;][vc_custom_heading text=&#8221;En premi\u00e8re ann\u00e9e&#8221; font_container=&#8221;tag:h5|text_align:left|color:%23dd9933&#8243; google_fonts=&#8221;font_family:Montserrat%3Aregular%2C700|font_style:400%20regular%3A400%3Anormal&#8221; css_animation=&#8221;fadeInUp&#8221;][vc_column_text]<\/p>\n<ul>\n<li>\u00c9thique de la recherche et int\u00e9grit\u00e9 scientifique<\/li>\n<li>M\u00e9thodologie de recherche<\/li>\n<li>Critical reading<\/li>\n<li>Recherche de l\u2019information scientifique et technique<\/li>\n<li>Initiation \u00e0 la R\u00e9daction en Latex<\/li>\n<\/ul>\n<p>[\/vc_column_text][\/vc_column_inner][vc_column_inner width=&#8221;1\/2&#8243;][vc_custom_heading text=&#8221;En deuxi\u00e8me ann\u00e9e&#8221; font_container=&#8221;tag:h5|text_align:left|color:%23dd9933&#8243; google_fonts=&#8221;font_family:Montserrat%3Aregular%2C700|font_style:400%20regular%3A400%3Anormal&#8221; css_animation=&#8221;fadeInUp&#8221;][vc_column_text]<\/p>\n<ul>\n<li>Culture entrepreneuriale<\/li>\n<li>Droit de l\u2019information<\/li>\n<li>Open access \u00e0 l\u2019information scientifique et technique<\/li>\n<li>P\u00e9dagogie universitaire<\/li>\n<li>Communication et publication scientifique<\/li>\n<li>S\u00e9minaire Innovation et d\u00e9p\u00f4t de brevet<\/li>\n<\/ul>\n<p>[\/vc_column_text][\/vc_column_inner][\/vc_row_inner][vc_custom_heading text=&#8221;Modules de sp\u00e9cialit\u00e9&#8221; font_container=&#8221;tag:h4|text_align:left|color:%231b77b6&#8243; google_fonts=&#8221;font_family:Montserrat%3Aregular%2C700|font_style:400%20regular%3A400%3Anormal&#8221; css_animation=&#8221;fadeInUp&#8221;][vc_column_text]Il s\u2019agit d\u2019une formation sp\u00e9cifique \u00e0\u00a0chaque\u00a0doctorant\u00a0selon\u00a0la nature et les\u00a0pr\u00e9requis de son sujet de recherche. Le choix du\/des modules se fait par le doctorant en concertation avec son directeur de th\u00e8se et en fonction des comp\u00e9tences compl\u00e9mentaires utiles au doctorant et des domaines scientifiques susceptibles de l\u2019aider \u00e0 avancer dans son travail de recherche. Cette formation donne lieu \u00e0 des attestations de pr\u00e9sence. Elle a un volume horaire de 100h. La comptabilisation de ces 100h peut se faire sous forme de\u00a0:<\/p>\n<ul>\n<li>Participation aux S\u00e9minaires, conf\u00e9rences, \u00e9coles th\u00e9matiques, cours \u00e0 option, journ\u00e9es doctorales,<\/li>\n<li>Participation \u00e0 l&#8217;organisation de manifestations scientifiques, culturelles<\/li>\n<\/ul>\n<p>[\/vc_column_text][\/vc_column][vc_column][\/vc_column][vc_column][\/vc_column][\/vc_row]<\/p>\n","protected":false},"excerpt":{"rendered":"<p>[vc_row][vc_column][vc_custom_heading text=&#8221;Cycle Doctorat&#8221;][vc_column_text css_animation=&#8221;fadeInUp&#8221; css=&#8221;.vc_custom_1627508183701{margin-bottom: 30px !important;}&#8221;]La science des donn\u00e9es est un domaine d&#8217;\u00e9tude interdisciplinaire qui utilise des processus, des approches, des m\u00e9thodes, des syst\u00e8mes et des algorithmes complexes pour extraire les connaissances et les informations n\u00e9cessaires \u00e0 partir de donn\u00e9es structur\u00e9es et non structur\u00e9es. Dans des domaines tels que la sant\u00e9, l&#8217;\u00e9ducation, la finance, [&hellip;]<\/p>\n","protected":false},"author":1,"featured_media":0,"parent":784,"menu_order":0,"comment_status":"closed","ping_status":"closed","template":"","meta":{"footnotes":""},"class_list":["post-788","page","type-page","status-publish","hentry"],"_links":{"self":[{"href":"https:\/\/esi.ac.ma\/en\/wp-json\/wp\/v2\/pages\/788","targetHints":{"allow":["GET"]}}],"collection":[{"href":"https:\/\/esi.ac.ma\/en\/wp-json\/wp\/v2\/pages"}],"about":[{"href":"https:\/\/esi.ac.ma\/en\/wp-json\/wp\/v2\/types\/page"}],"author":[{"embeddable":true,"href":"https:\/\/esi.ac.ma\/en\/wp-json\/wp\/v2\/users\/1"}],"replies":[{"embeddable":true,"href":"https:\/\/esi.ac.ma\/en\/wp-json\/wp\/v2\/comments?post=788"}],"version-history":[{"count":5,"href":"https:\/\/esi.ac.ma\/en\/wp-json\/wp\/v2\/pages\/788\/revisions"}],"predecessor-version":[{"id":7774,"href":"https:\/\/esi.ac.ma\/en\/wp-json\/wp\/v2\/pages\/788\/revisions\/7774"}],"up":[{"embeddable":true,"href":"https:\/\/esi.ac.ma\/en\/wp-json\/wp\/v2\/pages\/784"}],"wp:attachment":[{"href":"https:\/\/esi.ac.ma\/en\/wp-json\/wp\/v2\/media?parent=788"}],"curies":[{"name":"wp","href":"https:\/\/api.w.org\/{rel}","templated":true}]}}