{"id":796,"date":"2021-06-21T14:43:39","date_gmt":"2021-06-21T14:43:39","guid":{"rendered":"https:\/\/esi.ac.ma\/formation\/formation-initiale\/cycle-ingenieur\/ingenierie-des-connaissances-et-des-donnees\/"},"modified":"2023-07-13T18:02:46","modified_gmt":"2023-07-13T17:02:46","slug":"ingenierie-des-connaissances-et-science-des-donnees","status":"publish","type":"page","link":"https:\/\/esi.ac.ma\/en\/formation-initiale\/cycle-ingenieur\/ingenierie-des-connaissances-et-science-des-donnees\/","title":{"rendered":"Knowledge Engineering and Data Science"},"content":{"rendered":"<p>[vc_row][vc_column]<div class=\"title-subtile-holder wow bounce text_left\"><div class=\"section-subtitle dark_subtitle\">Engineering cycle<\/div><h1 class=\"section-title dark_title\">Knowledge Engineering and Data Science<\/h1><div class=\"section-border blue_border\"><\/div><\/div>[vc_column_text css_animation=&#8221;fadeInUp&#8221; css=&#8221;.vc_custom_1689267755843{margin-bottom: 30px !important;}&#8221;]The aim of the program is to offer a comprehensive training program combining modules in mathematics\/statistics, computer science and artificial intelligence.<\/p>\n<p>It aims to provide students with the skills needed and demanded by the job market, to manage and analyze data, and to master concepts such as exploratory data analysis, statistical inference and modeling, machine learning and high-dimensional data analysis.<\/p>\n<p>&nbsp;[\/vc_column_text][vc_custom_heading text=&#8221;Admission requirements&#8221; font_container=&#8221;tag:h2|font_size:23px|text_align:left|color:%23252525|line_height:23px&#8221; google_fonts=&#8221;font_family:Montserrat%3Aregular%2C700|font_style:700%20bold%20regular%3A700%3Anormal&#8221; css_animation=&#8221;fadeInUp&#8221;][vc_column_text css_animation=&#8221;fadeInUp&#8221; css=&#8221;.vc_custom_1689267236726{margin-bottom: 30px !important;}&#8221;]Access to the first year of the Engineering Cycle is open to :<\/p>\n<ul>\n<li>Candidates who have passed the National Common Entrance Examination (CNC) for Morocco&#8217;s engineering schools.<\/li>\n<li>By examination for holders of a DEUG in Mathematical and Computer Sciences (SMI).<\/li>\n<li>By examination for holders of the &#8220;Informatiste&#8221; diploma (Bac+4) or equivalent, with a scientific or technical baccalaureate.<\/li>\n<\/ul>\n<p>[\/vc_column_text][vc_custom_heading text=&#8221;Career opportunities&#8221; font_container=&#8221;tag:h2|font_size:23px|text_align:left|color:%23252525|line_height:23px&#8221; google_fonts=&#8221;font_family:Montserrat%3Aregular%2C700|font_style:700%20bold%20regular%3A700%3Anormal&#8221; css_animation=&#8221;fadeInUp&#8221;][vc_column_text css_animation=&#8221;fadeInUp&#8221; css=&#8221;.vc_custom_1689267351354{margin-bottom: 30px !important;}&#8221;]<\/p>\n<ul>\n<li>Big Data Engineer<\/li>\n<li>Machine Learning and Deep Learning Engineer<\/li>\n<li>Business Intelligence Engineer<\/li>\n<li>Cloud Computing Engineer<\/li>\n<li>Computer Vision Engineer<\/li>\n<li>Data Analyst<\/li>\n<li>Data Scientist<\/li>\n<li>Data Architect<\/li>\n<\/ul>\n<p>[\/vc_column_text][vc_custom_heading text=&#8221;Training program&#8221; font_container=&#8221;tag:h2|font_size:23px|text_align:left|color:%23252525|line_height:23px&#8221; google_fonts=&#8221;font_family:Montserrat%3Aregular%2C700|font_style:700%20bold%20regular%3A700%3Anormal&#8221; css_animation=&#8221;fadeInUp&#8221;][vc_column_text css_animation=&#8221;fadeInUp&#8221;]Three years of training (6 semesters, 48 modules, 8 of which are reserved for the PFE end-of-studies project).[\/vc_column_text][vc_tta_accordion shape=&#8221;square&#8221; color=&#8221;green&#8221; c_position=&#8221;right&#8221; active_section=&#8221;1&#8243; el_class=&#8221;accordion-services&#8221;][vc_tta_section title=&#8221;Semestre 1&#8243; tab_id=&#8221;semestre-1&#8243;][vc_column_text css_animation=&#8221;none&#8221;]<\/p>\n<ul>\n<li>Architecture des ordinateurs et Syst\u00e8mes d\u2019exploitation<\/li>\n<li>Math\u00e9matique pour l\u2019Ing\u00e9nieur<\/li>\n<li>Algorithmique et Programmation<\/li>\n<li>Gestion \u00e9lectronique des documents et Documents structur\u00e9s<\/li>\n<li>R\u00e9seaux informatiques<\/li>\n<li>Recherche Op\u00e9rationnelle<\/li>\n<li>\u00c9conomie de l\u2019Entreprise<\/li>\n<li>Anglais et TEC 1<\/li>\n<\/ul>\n<p>[\/vc_column_text][\/vc_tta_section][vc_tta_section title=&#8221;Semestre 2&#8243; tab_id=&#8221;semestre-2&#8243;][vc_column_text css_animation=&#8221;none&#8221;]<\/p>\n<ul>\n<li>Analyse et Conception des Bases de Donn\u00e9es<\/li>\n<li>Probabilit\u00e9s et statistiques<\/li>\n<li>Programmation et Technologies Web<\/li>\n<li>Algorithmique et Programmation Avanc\u00e9es<\/li>\n<li>E-services et gestion de contenu d\u2019entreprise<\/li>\n<li>Gestion du capital immat\u00e9riel<\/li>\n<li>Management pour l&#8217;ing\u00e9nieur<\/li>\n<li>Anglais et TEC 2<\/li>\n<\/ul>\n<p>[\/vc_column_text][\/vc_tta_section][vc_tta_section title=&#8221;Semestre 3&#8243; tab_id=&#8221;semestre-3&#8243;][vc_column_text css_animation=&#8221;none&#8221;]<\/p>\n<ul>\n<li>Analyse et Conduite de Projets<\/li>\n<li>Programmation Orient\u00e9e Objet<\/li>\n<li>Statistiques Inf\u00e9rentielles et Processus Stochastiques<\/li>\n<li>Th\u00e9orie de l\u2019Information et Traitement du Signal<\/li>\n<li>Fondements des syst\u00e8mes intelligents<\/li>\n<li>Recherche Op\u00e9rationnelle Avanc\u00e9e<\/li>\n<li>Data Acquisition and Analysis<\/li>\n<li>Project Management et Entrepreneuriat<\/li>\n<\/ul>\n<p>[\/vc_column_text][\/vc_tta_section][vc_tta_section title=&#8221;Semestre 4&#8243; tab_id=&#8221;semestre-4&#8243;][vc_column_text css_animation=&#8221;none&#8221;]<\/p>\n<ul>\n<li>Programmation avanc\u00e9e et mobile<\/li>\n<li>Bases de Donn\u00e9es Avanc\u00e9es<\/li>\n<li>Mod\u00e8les de r\u00e9gression et s\u00e9ries chronologiques<\/li>\n<li>Machine Learning<\/li>\n<li>Syst\u00e8mes R\u00e9partis et Virtualisation<\/li>\n<li>Cryptocurrency Technologies<\/li>\n<li>Management Strat\u00e9gique<\/li>\n<li>Anglais et TEC Professionnels<\/li>\n<\/ul>\n<p>[\/vc_column_text][\/vc_tta_section][vc_tta_section title=&#8221;Semestre 5&#8243; tab_id=&#8221;semestre-5-op1&#8243;][vc_column_text css_animation=&#8221;none&#8221;]<\/p>\n<ul>\n<li>Business Intelligence<\/li>\n<li>Data Architecture<\/li>\n<li>Analyse et Conduite de Projet<\/li>\n<li>Syst\u00e8mes ubiquitaires<\/li>\n<li>Computer Vision and Pattern Recognition<\/li>\n<li>Text and Graph Analysis<\/li>\n<li>Gestion des Risques et Innovation<\/li>\n<li>M\u00e9thodologie de recherche<\/li>\n<\/ul>\n<p>[\/vc_column_text][\/vc_tta_section][vc_tta_section title=&#8221;Semestre 6&#8243; tab_id=&#8221;semestre-6&#8243;][vc_column_text css_animation=&#8221;none&#8221;]<\/p>\n<ul>\n<li>Stage et Projet de Fin d\u2019Etude (PFE)<\/li>\n<\/ul>\n<p>[\/vc_column_text][\/vc_tta_section][\/vc_tta_accordion][\/vc_column][\/vc_row]<\/p>\n","protected":false},"excerpt":{"rendered":"<p>[vc_row][vc_column][vc_column_text css_animation=&#8221;fadeInUp&#8221; css=&#8221;.vc_custom_1689267755843{margin-bottom: 30px !important;}&#8221;]The aim of the program is to offer a comprehensive training program combining modules in mathematics\/statistics, computer science and artificial intelligence. It aims to provide students with the skills needed and demanded by the job market, to manage and analyze data, and to master concepts such as exploratory data analysis, statistical [&hellip;]<\/p>\n","protected":false},"author":1,"featured_media":0,"parent":792,"menu_order":0,"comment_status":"closed","ping_status":"closed","template":"","meta":{"footnotes":""},"class_list":["post-796","page","type-page","status-publish","hentry"],"_links":{"self":[{"href":"https:\/\/esi.ac.ma\/en\/wp-json\/wp\/v2\/pages\/796","targetHints":{"allow":["GET"]}}],"collection":[{"href":"https:\/\/esi.ac.ma\/en\/wp-json\/wp\/v2\/pages"}],"about":[{"href":"https:\/\/esi.ac.ma\/en\/wp-json\/wp\/v2\/types\/page"}],"author":[{"embeddable":true,"href":"https:\/\/esi.ac.ma\/en\/wp-json\/wp\/v2\/users\/1"}],"replies":[{"embeddable":true,"href":"https:\/\/esi.ac.ma\/en\/wp-json\/wp\/v2\/comments?post=796"}],"version-history":[{"count":6,"href":"https:\/\/esi.ac.ma\/en\/wp-json\/wp\/v2\/pages\/796\/revisions"}],"predecessor-version":[{"id":3659,"href":"https:\/\/esi.ac.ma\/en\/wp-json\/wp\/v2\/pages\/796\/revisions\/3659"}],"up":[{"embeddable":true,"href":"https:\/\/esi.ac.ma\/en\/wp-json\/wp\/v2\/pages\/792"}],"wp:attachment":[{"href":"https:\/\/esi.ac.ma\/en\/wp-json\/wp\/v2\/media?parent=796"}],"curies":[{"name":"wp","href":"https:\/\/api.w.org\/{rel}","templated":true}]}}