{"id":802,"date":"2021-06-21T13:41:01","date_gmt":"2021-06-21T12:41:01","guid":{"rendered":"https:\/\/esi.ac.ma\/formation\/formation-initiale\/cycle-master-specialise\/master-specialise-en-documentation-archives\/"},"modified":"2025-09-29T11:20:53","modified_gmt":"2025-09-29T10:20:53","slug":"ms-mi","status":"publish","type":"page","link":"https:\/\/esi.ac.ma\/en\/formation-initiale\/cycle-master\/ms-mi\/","title":{"rendered":"Master on Information Management"},"content":{"rendered":"<p>[vc_row full_width=&#8221;stretch_row&#8221; css=&#8221;.vc_custom_1627504382582{background-position: 0 0 !important;background-repeat: no-repeat !important;}&#8221;][vc_column]<div class=\"title-subtile-holder wow bounce text_left\"><div class=\"section-subtitle dark_subtitle\">Master\u2019s cycle<\/div><h1 class=\"section-title dark_title\">Master on Information Management<\/h1><div class=\"section-border blue_border\"><\/div><\/div>[vc_column_text css_animation=&#8221;fadeInUp&#8221; css=&#8221;.vc_custom_1758150983298{margin-bottom: 30px !important;}&#8221;]Le Master en &#8220;<strong>Management de l\u2019Information<\/strong>&#8221; a pour but de former des professionnels de l\u2019information, capables de s\u00e9lectionner, de collecter, d\u2019organiser, de conserver, de g\u00e9rer et de diffuser toute forme d\u2019information consign\u00e9e au profit des utilisateurs de tous les types de milieux professionnels.<\/p>\n<p>Il s\u2019agit de former des professionnels en techniques documentaires et archivistiques autour d\u2019un ensemble de concepts, \u00e0 savoir:<\/p>\n<ul>\n<li>les concepts de records management et d\u2019archivistique ;<\/li>\n<li>les concepts de management de l\u2019information documentaire ;<\/li>\n<li>les concepts de biblioth\u00e9conomie et documentation ;<\/li>\n<li>les concepts de m\u00e9thodes de recherche en sciences de l\u2019information.<\/li>\n<\/ul>\n<p>[\/vc_column_text][vc_custom_heading text=&#8221;Condition d&#8217;acc\u00e8s&#8221; font_container=&#8221;tag:h2|font_size:23px|text_align:left|color:%23252525|line_height:23px&#8221; google_fonts=&#8221;font_family:Montserrat%3Aregular%2C700|font_style:700%20bold%20regular%3A700%3Anormal&#8221; css_animation=&#8221;fadeInUp&#8221;][vc_column_text css_animation=&#8221;fadeInUp&#8221; css=&#8221;.vc_custom_1758151076641{margin-bottom: 30px !important;}&#8221;]L\u2019acc\u00e8s au Master est ouvert sur concours:<\/p>\n<ul>\n<li>aux titulaires du dipl\u00f4me d\u2019Informatiste, laur\u00e9ats de l\u2019\u00c9cole des Sciences de l\u2019Information ou de tout autre dipl\u00f4me reconnu \u00e9quivalent, avec une moyenne g\u00e9n\u00e9rale sup\u00e9rieure ou \u00e9gale \u00e0 12\/20.<\/li>\n<li>aux titulaires d\u2019une licence fondamentale ou d\u2019un dipl\u00f4me reconnu \u00e9quivalent, avec une moyenne g\u00e9n\u00e9rale sup\u00e9rieure ou \u00e9gale \u00e0 12\/20, et ayant obtenu au minimum quatre mentions (mention \u2265 12\/20) au cours de trois ann\u00e9es continues d\u2019\u00e9tude dans la m\u00eame fili\u00e8re.<\/li>\n<\/ul>\n<p>[\/vc_column_text][vc_custom_heading text=&#8221;Programme de la formation&#8221; font_container=&#8221;tag:h2|font_size:23px|text_align:left|color:%23252525|line_height:23px&#8221; google_fonts=&#8221;font_family:Montserrat%3Aregular%2C700|font_style:700%20bold%20regular%3A700%3Anormal&#8221; css_animation=&#8221;fadeInUp&#8221;][vc_column_text]Deux ann\u00e9es de formation (Formation initiale en 4 semestres, 24 modules dont 6 sont r\u00e9serv\u00e9s au M\u00e9moire de fin d\u2019\u00e9tudes &#8211; MFE).[\/vc_column_text][vc_tta_accordion shape=&#8221;square&#8221; color=&#8221;green&#8221; c_position=&#8221;right&#8221; active_section=&#8221;1&#8243; el_class=&#8221;accordion-services&#8221;][vc_tta_section title=&#8221;Semestre 1&#8243; tab_id=&#8221;semestre-1&#8243;][vc_column_text]<\/p>\n<ul>\n<li>Introduction aux sciences de l\u2019information<\/li>\n<li>Sources d\u2019information et recherche documentaire<\/li>\n<li>Gestion et d\u00e9veloppement des collections<\/li>\n<li>Gestion des archives courantes et interm\u00e9diaires<\/li>\n<li>Information systems management<\/li>\n<li>Business English<\/li>\n<li>Information : droit et \u00e9thique et d\u00e9ontologie<\/li>\n<\/ul>\n<p>[\/vc_column_text][\/vc_tta_section][vc_tta_section title=&#8221;Semestre 2&#8243; tab_id=&#8221;semestre-2&#8243;][vc_column_text css_animation=&#8221;none&#8221;]<\/p>\n<ul>\n<li>Gestion des archives d\u00e9finitives et sources orales<\/li>\n<li>Conservation, restauration et valorisation des archives<\/li>\n<li>Initiation \u00e0 la pal\u00e9ographie et la diplomatique marocaines<\/li>\n<li>Traitement et analyse documentaires<\/li>\n<li>Strategic intelligence<\/li>\n<li>M\u00e9thodologie de la recherche scientifique<\/li>\n<li>Culture entrepreneuriale et techniques de communication<\/li>\n<\/ul>\n<p>[\/vc_column_text][\/vc_tta_section][vc_tta_section title=&#8221;Semestre 3&#8243; tab_id=&#8221;semestre-3&#8243;][vc_column_text css_animation=&#8221;none&#8221;]<\/p>\n<ul>\n<li>XML et documents structur\u00e9s<\/li>\n<li>Logiciels documentaires<\/li>\n<li>Gestion Electronique des Document (GED) et archivage \u00e9lectronique<\/li>\n<li>Gestion de projet d\u2019informatisation des Syst\u00e8mes d&#8217;Information Documentaires (SID)<\/li>\n<li>Bibliom\u00e9trie et communication scientifique<\/li>\n<li>Humanit\u00e9s num\u00e9riques<\/li>\n<li>Cultural, legal and territorial intelligence<\/li>\n<\/ul>\n<p>[\/vc_column_text][\/vc_tta_section][vc_tta_section title=&#8221;Semestre 4&#8243; tab_id=&#8221;semestre-4&#8243;][vc_column_text css_animation=&#8221;none&#8221;]<\/p>\n<ul>\n<li>Stage et M\u00e9moire de fin d\u2019\u00e9tudes (MFE)<\/li>\n<\/ul>\n<p>[\/vc_column_text][\/vc_tta_section][\/vc_tta_accordion][vc_custom_heading text=&#8221;D\u00e9bouch\u00e9s&#8221; font_container=&#8221;tag:h2|font_size:23px|text_align:left|color:%23252525|line_height:23px&#8221; google_fonts=&#8221;font_family:Montserrat%3Aregular%2C700|font_style:700%20bold%20regular%3A700%3Anormal&#8221; css_animation=&#8221;fadeInUp&#8221;][vc_column_text css_animation=&#8221;fadeInUp&#8221; css=&#8221;.vc_custom_1719834968587{margin-bottom: 30px !important;}&#8221;]<\/p>\n<ul>\n<li>Biblioth\u00e9caire \/ M\u00e9diath\u00e9caire<\/li>\n<li>Archiviste<\/li>\n<li>Documentaliste<\/li>\n<li>Consultant en information documentation<\/li>\n<li>Veilleur<\/li>\n<li>Gestionnaire des documents administratif<\/li>\n<li>etc.<\/li>\n<\/ul>\n<p>[\/vc_column_text][vc_custom_heading text=&#8221;Pr\u00e9-requis sp\u00e9cifiques&#8221; font_container=&#8221;tag:h2|font_size:23px|text_align:left|color:%23252525|line_height:23px&#8221; google_fonts=&#8221;font_family:Montserrat%3Aregular%2C700|font_style:700%20bold%20regular%3A700%3Anormal&#8221; css_animation=&#8221;fadeInUp&#8221;][vc_column_text css_animation=&#8221;fadeInUp&#8221; css=&#8221;.vc_custom_1719833327122{margin-bottom: 30px !important;}&#8221;]<\/p>\n<ul>\n<li>Int\u00e9r\u00eat manifeste pour les \u00e9tudes en sciences de l&#8217;information.<\/li>\n<li>Fran\u00e7ais (lu, \u00e9crit et parl\u00e9) : la majorit\u00e9 des modules sont dispens\u00e9s en langue fran\u00e7aise.<\/li>\n<li>Anglais lu : la litt\u00e9rature dans le domaine des sciences de l&#8217;information est majoritairement disponible en anglais.<\/li>\n<li>Bonne connaissance des outils bureautiques de base (traitement de texte, tableur, etc.).<\/li>\n<li>Bonne connaissance de l\u2019utilisation d\u2019Internet (navigation sur le Web, recherche d\u2019information sur le Web, messagerie \u00e9lectronique, etc.).<\/li>\n<\/ul>\n<p>[\/vc_column_text][\/vc_column][\/vc_row]<\/p>\n","protected":false},"excerpt":{"rendered":"<p>[vc_row full_width=&#8221;stretch_row&#8221; css=&#8221;.vc_custom_1627504382582{background-position: 0 0 !important;background-repeat: no-repeat !important;}&#8221;][vc_column][vc_column_text css_animation=&#8221;fadeInUp&#8221; css=&#8221;.vc_custom_1758150983298{margin-bottom: 30px !important;}&#8221;]Le Master en &#8220;Management de l\u2019Information&#8221; a pour but de former des professionnels de l\u2019information, capables de s\u00e9lectionner, de collecter, d\u2019organiser, de conserver, de g\u00e9rer et de diffuser toute forme d\u2019information consign\u00e9e au profit des utilisateurs de tous les types de milieux professionnels. Il [&hellip;]<\/p>\n","protected":false},"author":1,"featured_media":0,"parent":800,"menu_order":0,"comment_status":"closed","ping_status":"closed","template":"","meta":{"footnotes":""},"class_list":["post-802","page","type-page","status-publish","hentry"],"_links":{"self":[{"href":"https:\/\/esi.ac.ma\/en\/wp-json\/wp\/v2\/pages\/802","targetHints":{"allow":["GET"]}}],"collection":[{"href":"https:\/\/esi.ac.ma\/en\/wp-json\/wp\/v2\/pages"}],"about":[{"href":"https:\/\/esi.ac.ma\/en\/wp-json\/wp\/v2\/types\/page"}],"author":[{"embeddable":true,"href":"https:\/\/esi.ac.ma\/en\/wp-json\/wp\/v2\/users\/1"}],"replies":[{"embeddable":true,"href":"https:\/\/esi.ac.ma\/en\/wp-json\/wp\/v2\/comments?post=802"}],"version-history":[{"count":27,"href":"https:\/\/esi.ac.ma\/en\/wp-json\/wp\/v2\/pages\/802\/revisions"}],"predecessor-version":[{"id":7892,"href":"https:\/\/esi.ac.ma\/en\/wp-json\/wp\/v2\/pages\/802\/revisions\/7892"}],"up":[{"embeddable":true,"href":"https:\/\/esi.ac.ma\/en\/wp-json\/wp\/v2\/pages\/800"}],"wp:attachment":[{"href":"https:\/\/esi.ac.ma\/en\/wp-json\/wp\/v2\/media?parent=802"}],"curies":[{"name":"wp","href":"https:\/\/api.w.org\/{rel}","templated":true}]}}