{"id":804,"date":"2021-06-21T14:36:59","date_gmt":"2021-06-21T14:36:59","guid":{"rendered":"https:\/\/esi.ac.ma\/formation\/formation-initiale\/cycle-master-specialise\/master-specialise-en-intelligence-competitive-et-strategique\/"},"modified":"2025-09-29T12:05:16","modified_gmt":"2025-09-29T11:05:16","slug":"ms-ics","status":"publish","type":"page","link":"https:\/\/esi.ac.ma\/en\/formation-initiale\/cycle-master\/ms-ics\/","title":{"rendered":"Master on Competitive and Strategic Intelligence"},"content":{"rendered":"<p>[vc_row full_width=&#8221;stretch_row&#8221; css=&#8221;.vc_custom_1627504382582{background-position: 0 0 !important;background-repeat: no-repeat !important;}&#8221;][vc_column]<div class=\"title-subtile-holder wow bounce text_left\"><div class=\"section-subtitle dark_subtitle\">Master\u2019s cycle<\/div><h1 class=\"section-title dark_title\">Master on Competitive and Strategic Intelligence<\/h1><div class=\"section-border blue_border\"><\/div><\/div>[vc_column_text css_animation=&#8221;fadeInUp&#8221; css=&#8221;.vc_custom_1689456662292{margin-bottom: 30px !important;}&#8221;]<\/p>\n<ul>\n<li>Develop a core of excellence in the fields of Competitive and Strategic Intelligence for the different areas of the Organization.<\/li>\n<li>Train specialists in the research, processing, analysis and dissemination of strategic information required for the development of the Organization and its territories.<\/li>\n<\/ul>\n<p>[\/vc_column_text][vc_custom_heading text=&#8221;Admission requirements&#8221; font_container=&#8221;tag:h2|font_size:23px|text_align:left|color:%23252525|line_height:23px&#8221; google_fonts=&#8221;font_family:Montserrat%3Aregular%2C700|font_style:700%20bold%20regular%3A700%3Anormal&#8221; css_animation=&#8221;fadeInUp&#8221;][vc_column_text css_animation=&#8221;fadeInUp&#8221; css=&#8221;.vc_custom_1689456834204{margin-bottom: 30px !important;}&#8221;]Access to the Master&#8217;s program is open to holders of :<\/p>\n<ul>\n<li>a diploma in computer science from the \u00c9cole des Sciences de l&#8217;Information, or any other diploma recognized as equivalent, with an overall average over the four years of at least 12\/20.<\/li>\n<li>a bachelor&#8217;s degree in mathematics and computer science, economics, management and business, or law. A minimum overall average of 12\/20 over the years of study (three years of continuous study in the same field).<\/li>\n<\/ul>\n<p>[\/vc_column_text][vc_custom_heading text=&#8221;Career opportunities&#8221; font_container=&#8221;tag:h2|font_size:23px|text_align:left|color:%23252525|line_height:23px&#8221; google_fonts=&#8221;font_family:Montserrat%3Aregular%2C700|font_style:700%20bold%20regular%3A700%3Anormal&#8221; css_animation=&#8221;fadeInUp&#8221;][vc_column_text css_animation=&#8221;fadeInUp&#8221; css=&#8221;.vc_custom_1689456956892{margin-bottom: 30px !important;}&#8221;]<\/p>\n<ul>\n<li>Head of a Strategic Intelligence, Business Intelligence, Strategic Watch or Knowledge Management (KM) Center<\/li>\n<li>Competitive Intelligence Analyst<\/li>\n<li>Competitive Intelligence Auditor<\/li>\n<li>Knowledge Manager<\/li>\n<li>Information Architect<\/li>\n<li>Strategic Intelligence or Knowledge Management network\/system coordinator (consultant or expert)<\/li>\n<\/ul>\n<p>[\/vc_column_text][vc_custom_heading text=&#8221;Training program&#8221; font_container=&#8221;tag:h2|font_size:23px|text_align:left|color:%23252525|line_height:23px&#8221; google_fonts=&#8221;font_family:Montserrat%3Aregular%2C700|font_style:700%20bold%20regular%3A700%3Anormal&#8221; css_animation=&#8221;fadeInUp&#8221;][vc_column_text]Two years of study (initial education in 4 semesters, 24 modules, 6 of which are reserved for the final dissertation &#8211; MFE).[\/vc_column_text][vc_tta_accordion shape=&#8221;square&#8221; color=&#8221;green&#8221; c_position=&#8221;right&#8221; active_section=&#8221;1&#8243; el_class=&#8221;accordion-services&#8221;][vc_tta_section title=&#8221;Semestre 1&#8243; tab_id=&#8221;semestre-1&#8243;][vc_column_text]<\/p>\n<ul>\n<li>Environnement international : \u00e9conomie de l\u2019information et de la connaissance \u00e0 l&#8217;\u00e8re du digital<\/li>\n<li>Intelligence \u00e9conomique: les fondements<\/li>\n<li>Analyse strat\u00e9gique des organisations<\/li>\n<li>Management de l&#8217;information et veille<\/li>\n<li>Initiation \u00e0 la statistique, analyse de donn\u00e9es et aide \u00e0 la d\u00e9cision<\/li>\n<li>Business English<\/li>\n<\/ul>\n<p>[\/vc_column_text][\/vc_tta_section][vc_tta_section title=&#8221;Semestre 2&#8243; tab_id=&#8221;semestre-2&#8243;][vc_column_text css_animation=&#8221;none&#8221;]<\/p>\n<ul>\n<li>Environnement international et comp\u00e9titivit\u00e9 : mondialisation, risques et menaces<\/li>\n<li>Intelligence \u00e9conomique en pratique<\/li>\n<li>Management de l\u2019information et des connaissances<\/li>\n<li>Analyse \u00e9conomique<\/li>\n<li>Information : droit, \u00e9thique et d\u00e9ontologie<\/li>\n<li>Communication institutionnelle et communication de crise<\/li>\n<\/ul>\n<p>[\/vc_column_text][\/vc_tta_section][vc_tta_section title=&#8221;Semestre 3&#8243; tab_id=&#8221;semestre-3&#8243;][vc_column_text css_animation=&#8221;none&#8221;]<\/p>\n<ul>\n<li>Dimensions autres de l&#8217;Intelligence : territoriale, juridique, culturelle\u2026<\/li>\n<li>G\u00e9o-\u00e9conomie et prospective<\/li>\n<li>Protection et d\u00e9fense du patrimoine informationnel et des connaissances<\/li>\n<li>Influence et contre-influence<\/li>\n<li>Strat\u00e9gie et op\u00e9rations d\u2019influence<\/li>\n<li>M\u00e9thodologie de recherche<\/li>\n<\/ul>\n<p>[\/vc_column_text][\/vc_tta_section][vc_tta_section title=&#8221;Semestre 4&#8243; tab_id=&#8221;semestre-4&#8243;][vc_column_text css_animation=&#8221;none&#8221;]<\/p>\n<ul>\n<li>Stage et M\u00e9moire de fin d\u2019\u00e9tudes (MFE)<\/li>\n<\/ul>\n<p>[\/vc_column_text][\/vc_tta_section][\/vc_tta_accordion][\/vc_column][\/vc_row]<\/p>\n","protected":false},"excerpt":{"rendered":"<p>[vc_row full_width=&#8221;stretch_row&#8221; css=&#8221;.vc_custom_1627504382582{background-position: 0 0 !important;background-repeat: no-repeat !important;}&#8221;][vc_column][vc_column_text css_animation=&#8221;fadeInUp&#8221; css=&#8221;.vc_custom_1689456662292{margin-bottom: 30px !important;}&#8221;] Develop a core of excellence in the fields of Competitive and Strategic Intelligence for the different areas of the Organization. Train specialists in the research, processing, analysis and dissemination of strategic information required for the development of the Organization and its territories. [\/vc_column_text][vc_custom_heading [&hellip;]<\/p>\n","protected":false},"author":1,"featured_media":0,"parent":800,"menu_order":0,"comment_status":"closed","ping_status":"closed","template":"","meta":{"footnotes":""},"class_list":["post-804","page","type-page","status-publish","hentry"],"_links":{"self":[{"href":"https:\/\/esi.ac.ma\/en\/wp-json\/wp\/v2\/pages\/804","targetHints":{"allow":["GET"]}}],"collection":[{"href":"https:\/\/esi.ac.ma\/en\/wp-json\/wp\/v2\/pages"}],"about":[{"href":"https:\/\/esi.ac.ma\/en\/wp-json\/wp\/v2\/types\/page"}],"author":[{"embeddable":true,"href":"https:\/\/esi.ac.ma\/en\/wp-json\/wp\/v2\/users\/1"}],"replies":[{"embeddable":true,"href":"https:\/\/esi.ac.ma\/en\/wp-json\/wp\/v2\/comments?post=804"}],"version-history":[{"count":8,"href":"https:\/\/esi.ac.ma\/en\/wp-json\/wp\/v2\/pages\/804\/revisions"}],"predecessor-version":[{"id":7911,"href":"https:\/\/esi.ac.ma\/en\/wp-json\/wp\/v2\/pages\/804\/revisions\/7911"}],"up":[{"embeddable":true,"href":"https:\/\/esi.ac.ma\/en\/wp-json\/wp\/v2\/pages\/800"}],"wp:attachment":[{"href":"https:\/\/esi.ac.ma\/en\/wp-json\/wp\/v2\/media?parent=804"}],"curies":[{"name":"wp","href":"https:\/\/api.w.org\/{rel}","templated":true}]}}