{"id":8289,"date":"2023-07-22T20:24:49","date_gmt":"2023-07-22T19:24:49","guid":{"rendered":"https:\/\/esi.ac.ma\/scientific-publications\/"},"modified":"2026-02-19T11:47:31","modified_gmt":"2026-02-19T10:47:31","slug":"scientific-publications","status":"publish","type":"page","link":"https:\/\/esi.ac.ma\/en\/structures-de-recherche-scientifique\/scientific-publications\/","title":{"rendered":"Scientific publications"},"content":{"rendered":"\n<h2 class=\"wp-block-heading\"><strong><mark style=\"background-color:rgba(0, 0, 0, 0)\" class=\"has-inline-color has-vivid-cyan-blue-color\">Scientific journals<\/mark><\/strong><\/h2>\n\n\n\n<div class=\"wp-block-columns is-layout-flex wp-container-core-columns-is-layout-9d6595d7 wp-block-columns-is-layout-flex\">\n<div class=\"wp-block-column is-layout-flow wp-block-column-is-layout-flow\" style=\"flex-basis:33.33%\">\n<div class=\"wp-block-group is-nowrap is-layout-flex wp-container-core-group-is-layout-ad2f72ca wp-block-group-is-layout-flex\">\n<figure class=\"wp-block-image size-full is-resized\"><img loading=\"lazy\" decoding=\"async\" width=\"775\" height=\"285\" src=\"https:\/\/esi.ac.ma\/wp-content\/uploads\/2023\/07\/JIS_Logo.png\" alt=\"\" class=\"wp-image-3966\" style=\"width:150px\" srcset=\"https:\/\/esi.ac.ma\/wp-content\/uploads\/2023\/07\/JIS_Logo.png 775w, https:\/\/esi.ac.ma\/wp-content\/uploads\/2023\/07\/JIS_Logo-300x110.png 300w, https:\/\/esi.ac.ma\/wp-content\/uploads\/2023\/07\/JIS_Logo-768x282.png 768w\" sizes=\"auto, (max-width: 775px) 100vw, 775px\" \/><\/figure>\n<\/div>\n<\/div>\n\n\n\n<div class=\"wp-block-column is-layout-flow wp-block-column-is-layout-flow\" style=\"flex-basis:66.66%\">\n<p class=\"has-medium-font-size\"><strong>Journal of Information Sciences (JIS)<\/strong><\/p>\n\n\n\n<p style=\"font-size:14px\">ISSN: <em>(Print) 1113-4844<\/em> &#8211; <em>(Online) 2820-6894<\/em><br><a href=\"https:\/\/revues.imist.ma\/index.php\/JIS\/\" target=\"_blank\" rel=\"noreferrer noopener\">https:\/\/revues.imist.ma\/index.php\/JIS\/<\/a><\/p>\n<\/div>\n<\/div>\n\n\n\n<hr class=\"wp-block-separator has-alpha-channel-opacity\"\/>\n\n\n\n<h2 class=\"wp-block-heading\"><strong><mark style=\"background-color:rgba(0, 0, 0, 0)\" class=\"has-inline-color has-vivid-cyan-blue-color\">Conference proceedings<\/mark><\/strong><\/h2>\n\n\n\n<div class=\"wp-block-columns is-layout-flex wp-container-core-columns-is-layout-9d6595d7 wp-block-columns-is-layout-flex\">\n<div class=\"wp-block-column is-layout-flow wp-block-column-is-layout-flow\" style=\"flex-basis:33.33%\">\n<figure class=\"wp-block-image size-full is-resized\"><img loading=\"lazy\" decoding=\"async\" width=\"636\" height=\"871\" src=\"https:\/\/esi.ac.ma\/wp-content\/uploads\/2024\/11\/ICCIHD-2024_Affiche.png\" alt=\"\" class=\"wp-image-6421\" style=\"width:150px\" srcset=\"https:\/\/esi.ac.ma\/wp-content\/uploads\/2024\/11\/ICCIHD-2024_Affiche.png 636w, https:\/\/esi.ac.ma\/wp-content\/uploads\/2024\/11\/ICCIHD-2024_Affiche-219x300.png 219w\" sizes=\"auto, (max-width: 636px) 100vw, 636px\" \/><\/figure>\n<\/div>\n\n\n\n<div class=\"wp-block-column is-layout-flow wp-block-column-is-layout-flow\" style=\"flex-basis:66.66%\">\n<p class=\"has-medium-font-size\"><strong>Conf\u00e9rence Internationale sur l&#8217;Ing\u00e9nierie Culturelle et le D\u00e9veloppement du Patrimoine (ICCEHD-2024)<\/strong><\/p>\n\n\n\n<p style=\"font-size:14px\">Premi\u00e8re \u00c9dition sous le th\u00e8me: <em>Industries Culturelles et Cr\u00e9atives en Afrique et dans le Monde Arabe<\/em><br>04-06 D\u00e9cembre 2024, ESI, Rabat, Morocco<br><a href=\"https:\/\/esi.ac.ma\/wp-content\/uploads\/2025\/12\/ICCEHD-2024_Proceeding_Fr-1.pdf\" target=\"_blank\" rel=\"noreferrer noopener\">Fran\u00e7ais et Anglais<\/a> &#8211; <strong><a href=\"https:\/\/esi.ac.ma\/wp-content\/uploads\/2025\/12\/ICCEHD-2024_Proceeding_Ar.pdf\" target=\"_blank\" rel=\"noreferrer noopener\">\u0639\u0631\u0628\u064a<\/a><\/strong><br>ISBN : 978-9920-25-107-5<\/p>\n<\/div>\n<\/div>\n\n\n\n<div class=\"wp-block-columns is-layout-flex wp-container-core-columns-is-layout-9d6595d7 wp-block-columns-is-layout-flex\">\n<div class=\"wp-block-column is-layout-flow wp-block-column-is-layout-flow\" style=\"flex-basis:33.33%\">\n<figure class=\"wp-block-image size-full is-resized\"><img loading=\"lazy\" decoding=\"async\" width=\"543\" height=\"787\" src=\"https:\/\/esi.ac.ma\/wp-content\/uploads\/2025\/12\/cover_issue_2431_en_US.png\" alt=\"\" class=\"wp-image-8237\" style=\"width:150px\" srcset=\"https:\/\/esi.ac.ma\/wp-content\/uploads\/2025\/12\/cover_issue_2431_en_US.png 543w, https:\/\/esi.ac.ma\/wp-content\/uploads\/2025\/12\/cover_issue_2431_en_US-207x300.png 207w\" sizes=\"auto, (max-width: 543px) 100vw, 543px\" \/><\/figure>\n<\/div>\n\n\n\n<div class=\"wp-block-column is-layout-flow wp-block-column-is-layout-flow\" style=\"flex-basis:66.66%\">\n<p class=\"has-medium-font-size\"><strong>Conf\u00e9rence Internationale Humanit\u00e9s Num\u00e9riques (CIHN&#8217;22)<\/strong><\/p>\n\n\n\n<p style=\"font-size:14px\">Premi\u00e8re \u00e9dition. 22-23 novembre 2022, ESI, Rabat, Morocco<br><a href=\"https:\/\/revues.imist.ma\/index.php\/JIS\/issue\/view\/2431\" target=\"_blank\" rel=\"noreferrer noopener\">https:\/\/revues.imist.ma\/index.php\/JIS\/issue\/view\/2431<\/a><\/p>\n<\/div>\n<\/div>\n\n\n\n<div class=\"wp-block-columns is-layout-flex wp-container-core-columns-is-layout-9d6595d7 wp-block-columns-is-layout-flex\">\n<div class=\"wp-block-column is-layout-flow wp-block-column-is-layout-flow\" style=\"flex-basis:33.33%\">\n<figure class=\"wp-block-image size-full is-resized\"><img loading=\"lazy\" decoding=\"async\" width=\"500\" height=\"416\" src=\"https:\/\/esi.ac.ma\/wp-content\/uploads\/2025\/12\/cover_issue_114_fr_FR.png\" alt=\"\" class=\"wp-image-8246\" style=\"width:150px\" srcset=\"https:\/\/esi.ac.ma\/wp-content\/uploads\/2025\/12\/cover_issue_114_fr_FR.png 500w, https:\/\/esi.ac.ma\/wp-content\/uploads\/2025\/12\/cover_issue_114_fr_FR-300x250.png 300w\" sizes=\"auto, (max-width: 500px) 100vw, 500px\" \/><\/figure>\n<\/div>\n\n\n\n<div class=\"wp-block-column is-layout-flow wp-block-column-is-layout-flow\" style=\"flex-basis:66.66%\">\n<p class=\"has-medium-font-size\"><strong>Conf\u00e9rence Internationale Humanit\u00e9s Num\u00e9riques (CIHN&#8217;24)<\/strong><\/p>\n\n\n\n<p style=\"font-size:14px\">2\u00e8me \u00e9dition. 13-14 February 2024, Geneva Switzerland<br><a href=\"https:\/\/oap.unige.ch\/journals\/ressi\/issue\/view\/114\" target=\"_blank\" rel=\"noreferrer noopener\">https:\/\/oap.unige.ch\/journals\/ressi\/issue\/view\/114<\/a><\/p>\n<\/div>\n<\/div>\n\n\n\n<div class=\"wp-block-columns is-layout-flex wp-container-core-columns-is-layout-9d6595d7 wp-block-columns-is-layout-flex\">\n<div class=\"wp-block-column is-layout-flow wp-block-column-is-layout-flow\" style=\"flex-basis:33.33%\">\n<figure class=\"wp-block-image size-full is-resized\"><img loading=\"lazy\" decoding=\"async\" width=\"714\" height=\"1006\" src=\"https:\/\/esi.ac.ma\/wp-content\/uploads\/2025\/12\/ICSSD_2019_Proceeding_Cover.png\" alt=\"\" class=\"wp-image-8215\" style=\"width:150px\" srcset=\"https:\/\/esi.ac.ma\/wp-content\/uploads\/2025\/12\/ICSSD_2019_Proceeding_Cover.png 714w, https:\/\/esi.ac.ma\/wp-content\/uploads\/2025\/12\/ICSSD_2019_Proceeding_Cover-213x300.png 213w\" sizes=\"auto, (max-width: 714px) 100vw, 714px\" \/><\/figure>\n<\/div>\n\n\n\n<div class=\"wp-block-column is-layout-flow wp-block-column-is-layout-flow\" style=\"flex-basis:66.66%\">\n<p class=\"has-medium-font-size\"><strong>1st International Conference on Smart Systems and Data Science 2019<\/strong><\/p>\n\n\n\n<p style=\"font-size:14px\">03-04 Oct. 2019 ESI, Rabat, Morocco<br><a href=\"https:\/\/ieeexplore.ieee.org\/xpl\/conhome\/8985238\/proceeding\" target=\"_blank\" rel=\"noreferrer noopener\">https:\/\/ieeexplore.ieee.org\/xpl\/conhome\/8985238\/proceeding<\/a><br><strong>DOI: <\/strong><a href=\"https:\/\/doi.org\/10.1109\/ICSSD47982.2019.9002819\" target=\"_blank\" rel=\"noreferrer noopener\">10.1109\/ICSSD47982.2019.9002819<\/a><\/p>\n<\/div>\n<\/div>\n\n\n\n<p><br><\/p>\n","protected":false},"excerpt":{"rendered":"<p>Scientific journals Journal of Information Sciences (JIS) ISSN: (Print) 1113-4844 &#8211; (Online) 2820-6894https:\/\/revues.imist.ma\/index.php\/JIS\/ Conference proceedings Conf\u00e9rence Internationale sur l&#8217;Ing\u00e9nierie Culturelle et le D\u00e9veloppement du Patrimoine (ICCEHD-2024) Premi\u00e8re \u00c9dition sous le th\u00e8me: Industries Culturelles et Cr\u00e9atives en Afrique et dans le Monde Arabe04-06 D\u00e9cembre 2024, ESI, Rabat, MoroccoFran\u00e7ais et Anglais &#8211; \u0639\u0631\u0628\u064aISBN : 978-9920-25-107-5 Conf\u00e9rence Internationale [&hellip;]<\/p>\n","protected":false},"author":4,"featured_media":0,"parent":806,"menu_order":0,"comment_status":"closed","ping_status":"closed","template":"","meta":{"footnotes":""},"class_list":["post-8289","page","type-page","status-publish","hentry"],"_links":{"self":[{"href":"https:\/\/esi.ac.ma\/en\/wp-json\/wp\/v2\/pages\/8289","targetHints":{"allow":["GET"]}}],"collection":[{"href":"https:\/\/esi.ac.ma\/en\/wp-json\/wp\/v2\/pages"}],"about":[{"href":"https:\/\/esi.ac.ma\/en\/wp-json\/wp\/v2\/types\/page"}],"author":[{"embeddable":true,"href":"https:\/\/esi.ac.ma\/en\/wp-json\/wp\/v2\/users\/4"}],"replies":[{"embeddable":true,"href":"https:\/\/esi.ac.ma\/en\/wp-json\/wp\/v2\/comments?post=8289"}],"version-history":[{"count":1,"href":"https:\/\/esi.ac.ma\/en\/wp-json\/wp\/v2\/pages\/8289\/revisions"}],"predecessor-version":[{"id":8326,"href":"https:\/\/esi.ac.ma\/en\/wp-json\/wp\/v2\/pages\/8289\/revisions\/8326"}],"up":[{"embeddable":true,"href":"https:\/\/esi.ac.ma\/en\/wp-json\/wp\/v2\/pages\/806"}],"wp:attachment":[{"href":"https:\/\/esi.ac.ma\/en\/wp-json\/wp\/v2\/media?parent=8289"}],"curies":[{"name":"wp","href":"https:\/\/api.w.org\/{rel}","templated":true}]}}